{"id":9967,"date":"2020-10-19T07:23:39","date_gmt":"2020-10-19T07:23:39","guid":{"rendered":"https:\/\/keenitsolutions.com\/products\/wordpress\/reobiz\/?page_id=9967"},"modified":"2023-10-06T08:49:31","modified_gmt":"2023-10-06T08:49:31","slug":"about-2-6","status":"publish","type":"page","link":"https:\/\/www.er-olins.com.tr\/index.php\/about-2-6\/","title":{"rendered":"KURUMSAL"},"content":{"rendered":"\t\t<div data-elementor-type=\"wp-page\" data-elementor-id=\"9967\" class=\"elementor elementor-9967\">\n\t\t\t\t\t\t\t\t\t<section class=\"elementor-section elementor-top-section elementor-element elementor-element-67c89288 elementor-section-full_width elementor-section-content-middle elementor-section-height-default elementor-section-height-default\" data-id=\"67c89288\" data-element_type=\"section\">\n\t\t\t\t\t\t<div class=\"elementor-container elementor-column-gap-wide\">\n\t\t\t\t\t<div class=\"elementor-column elementor-col-50 elementor-top-column elementor-element elementor-element-489d69b4\" data-id=\"489d69b4\" data-element_type=\"column\">\n\t\t\t<div class=\"elementor-widget-wrap elementor-element-populated\">\n\t\t\t\t\t\t\t\t<div class=\"elementor-element elementor-element-30853948 elementor-widget elementor-widget-rs-heading\" data-id=\"30853948\" data-element_type=\"widget\" data-widget_type=\"rs-heading.default\">\n\t\t\t\t<div class=\"elementor-widget-container\">\n\t\t\t        <div class=\"rs-heading default  \">\r\n        \t<div class=\"title-inner\">\r\n        \t\t      \t\t\r\n\t            <span class=\"sub-text \">KURUMSAL<\/span><h3 class=\"title\"><span class=\"watermark\"><\/span>1985 y\u0131l\u0131ndan g\u00fcn\u00fcm\u00fcze...\n<\/h3>\t        <\/div>\r\n\t                    \t<div class=\"description\">\r\n            \t\t<p style=\"text-align: justify\">Firmam\u0131z\u0131 ortaklar\u0131n proje, in\u015faat ve dekorasyon tecr\u00fcbelerinin de\u011ferlendirilmesi amac\u0131yla <br \/>1985 y\u0131l\u0131nda kurduk. <br \/><br \/>1989 y\u0131l\u0131nda kurulan Tepe-Knauf Al\u00e7\u0131pan Fabrikas\u0131na kurulu\u015funda bayi olup Al\u00e7\u0131pan ile ilgili her t\u00fcrl\u00fc Asma Tavan, B\u00f6lme Duvar, Giydirme Duvarlar ile Her T\u00fcrl\u00fc Ta\u015fy\u00fcn\u00fc Tavan Metal Asma Tavan i\u015fleri, Al\u00e7\u0131 S\u0131va, Boya, Ah\u015fap, Mantolama i\u015flerinde uzman kadromuz ile faaliyet halindeyiz.<\/p><p style=\"text-align: justify\">Bunlara ilave olarak P\u0130MA\u015e grubunun kompozit yer d\u00f6\u015feme sistemlerininde uygulama bayisiyiz. <br \/><br \/>Tamamlad\u0131\u011f\u0131m\u0131z ve halen devam eden Yurti\u00e7i ve Yurtd\u0131\u015f\u0131 baz\u0131 i\u015flerimizle ilgili referanslar\u0131m\u0131z <br \/>ekte bilgilerinize sunulmu\u015ftur. <br \/><br \/><\/p>            \t\t\r\n            \t<\/div>\r\n        \t        <\/div>\r\n\r\n        \t\t<\/div>\n\t\t\t\t<\/div>\n\t\t\t\t\t<\/div>\n\t\t<\/div>\n\t\t\t\t<div class=\"elementor-column elementor-col-50 elementor-top-column elementor-element elementor-element-35aaea12 animated-slow elementor-invisible\" data-id=\"35aaea12\" data-element_type=\"column\" data-settings=\"{&quot;animation&quot;:&quot;fadeInUp&quot;,&quot;animation_delay&quot;:500}\">\n\t\t\t<div class=\"elementor-widget-wrap elementor-element-populated\">\n\t\t\t\t\t\t\t\t<div class=\"elementor-element elementor-element-0ce9a9a elementor-widget elementor-widget-video\" data-id=\"0ce9a9a\" data-element_type=\"widget\" data-settings=\"{&quot;youtube_url&quot;:&quot;https:\\\/\\\/www.youtube.com\\\/watch?v=YoQuLIImnaQ&quot;,&quot;video_type&quot;:&quot;youtube&quot;}\" data-widget_type=\"video.default\">\n\t\t\t\t<div class=\"elementor-widget-container\">\n\t\t\t<style>\/*! elementor - v3.16.0 - 20-09-2023 *\/\n.elementor-widget-video .elementor-widget-container{overflow:hidden;transform:translateZ(0)}.elementor-widget-video .elementor-wrapper{aspect-ratio:var(--video-aspect-ratio)}.elementor-widget-video .elementor-wrapper iframe,.elementor-widget-video .elementor-wrapper video{height:100%;width:100%;display:flex;border:none;background-color:#000}@supports not (aspect-ratio:1\/1){.elementor-widget-video .elementor-wrapper{position:relative;overflow:hidden;height:0;padding-bottom:calc(100% \/ var(--video-aspect-ratio))}.elementor-widget-video .elementor-wrapper iframe,.elementor-widget-video .elementor-wrapper video{position:absolute;top:0;right:0;bottom:0;left:0}}.elementor-widget-video .elementor-open-inline .elementor-custom-embed-image-overlay{position:absolute;top:0;right:0;bottom:0;left:0;background-size:cover;background-position:50%}.elementor-widget-video .elementor-custom-embed-image-overlay{cursor:pointer;text-align:center}.elementor-widget-video .elementor-custom-embed-image-overlay:hover .elementor-custom-embed-play i{opacity:1}.elementor-widget-video .elementor-custom-embed-image-overlay img{display:block;width:100%;aspect-ratio:var(--video-aspect-ratio);-o-object-fit:cover;object-fit:cover;-o-object-position:center center;object-position:center center}@supports not (aspect-ratio:1\/1){.elementor-widget-video .elementor-custom-embed-image-overlay{position:relative;overflow:hidden;height:0;padding-bottom:calc(100% \/ var(--video-aspect-ratio))}.elementor-widget-video .elementor-custom-embed-image-overlay img{position:absolute;top:0;right:0;bottom:0;left:0}}.elementor-widget-video .e-hosted-video .elementor-video{-o-object-fit:cover;object-fit:cover}.e-con-inner>.elementor-widget-video,.e-con>.elementor-widget-video{width:var(--container-widget-width);--flex-grow:var(--container-widget-flex-grow)}<\/style>\t\t<div class=\"elementor-wrapper elementor-open-inline\">\n\t\t\t<div class=\"elementor-video\"><\/div>\t\t<\/div>\n\t\t\t\t<\/div>\n\t\t\t\t<\/div>\n\t\t\t\t<div class=\"elementor-element elementor-element-77354bb elementor-view-stacked elementor-shape-circle elementor-position-top elementor-mobile-position-top elementor-widget elementor-widget-icon-box\" data-id=\"77354bb\" data-element_type=\"widget\" data-widget_type=\"icon-box.default\">\n\t\t\t\t<div class=\"elementor-widget-container\">\n\t\t\t<link rel=\"stylesheet\" href=\"https:\/\/alfayazilim.com.tr\/erolinsaat\/wp-content\/plugins\/elementor\/assets\/css\/widget-icon-box.min.css\">\t\t<div class=\"elementor-icon-box-wrapper\">\n\t\t\t\t\t\t<div class=\"elementor-icon-box-icon\">\n\t\t\t\t<a href=\"https:\/\/alfadestek.com\/er-olinsaat\/wp-content\/uploads\/2021\/07\/TANINITIM-DOSYASI.pdf\" target=\"_blank\" class=\"elementor-icon elementor-animation-\" tabindex=\"-1\">\n\t\t\t\t<i aria-hidden=\"true\" class=\"fas fa-file-pdf\"><\/i>\t\t\t\t<\/a>\n\t\t\t<\/div>\n\t\t\t\t\t\t<div class=\"elementor-icon-box-content\">\n\t\t\t\t<h3 class=\"elementor-icon-box-title\">\n\t\t\t\t\t<a href=\"https:\/\/alfadestek.com\/er-olinsaat\/wp-content\/uploads\/2021\/07\/TANINITIM-DOSYASI.pdf\" target=\"_blank\" >\n\t\t\t\t\t\tTan\u0131t\u0131m Dosyas\u0131\t\t\t\t\t<\/a>\n\t\t\t\t<\/h3>\n\t\t\t\t\t\t\t<\/div>\n\t\t<\/div>\n\t\t\t\t<\/div>\n\t\t\t\t<\/div>\n\t\t\t\t<div class=\"elementor-element elementor-element-2a1cdc05 elementor-invisible elementor-widget elementor-widget-image\" data-id=\"2a1cdc05\" data-element_type=\"widget\" data-settings=\"{&quot;_animation&quot;:&quot;slideInRight&quot;,&quot;_animation_delay&quot;:600}\" data-widget_type=\"image.default\">\n\t\t\t\t<div class=\"elementor-widget-container\">\n\t\t\t<style>\/*! elementor - v3.16.0 - 20-09-2023 *\/\n.elementor-widget-image{text-align:center}.elementor-widget-image a{display:inline-block}.elementor-widget-image a img[src$=\".svg\"]{width:48px}.elementor-widget-image img{vertical-align:middle;display:inline-block}<\/style>\t\t\t\t\t\t\t\t\t\t\t\t<img loading=\"lazy\" decoding=\"async\" width=\"566\" height=\"571\" src=\"https:\/\/www.er-olins.com.tr\/wp-content\/uploads\/2021\/02\/r34.png\" class=\"attachment-large size-large wp-image-12317\" alt=\"\" srcset=\"https:\/\/www.er-olins.com.tr\/wp-content\/uploads\/2021\/02\/r34.png 566w, https:\/\/www.er-olins.com.tr\/wp-content\/uploads\/2021\/02\/r34-297x300.png 297w, https:\/\/www.er-olins.com.tr\/wp-content\/uploads\/2021\/02\/r34-150x150.png 150w, https:\/\/www.er-olins.com.tr\/wp-content\/uploads\/2021\/02\/r34-100x100.png 100w\" sizes=\"auto, (max-width: 566px) 100vw, 566px\" \/>\t\t\t\t\t\t\t\t\t\t\t\t\t\t\t<\/div>\n\t\t\t\t<\/div>\n\t\t\t\t\t<\/div>\n\t\t<\/div>\n\t\t\t\t\t\t\t<\/div>\n\t\t<\/section>\n\t\t\t\t<section class=\"elementor-section elementor-top-section elementor-element elementor-element-5a19ff7 elementor-section-full_width elementor-section-stretched elementor-section-height-default elementor-section-height-default\" data-id=\"5a19ff7\" data-element_type=\"section\" data-settings=\"{&quot;stretch_section&quot;:&quot;section-stretched&quot;,&quot;background_background&quot;:&quot;classic&quot;}\">\n\t\t\t\t\t\t<div class=\"elementor-container elementor-column-gap-default\">\n\t\t\t\t\t<div class=\"elementor-column elementor-col-100 elementor-top-column elementor-element elementor-element-3c95bb8\" data-id=\"3c95bb8\" data-element_type=\"column\">\n\t\t\t<div class=\"elementor-widget-wrap elementor-element-populated\">\n\t\t\t\t\t\t\t\t<section class=\"elementor-section elementor-inner-section elementor-element elementor-element-5369fee elementor-section-boxed elementor-section-height-default elementor-section-height-default\" data-id=\"5369fee\" data-element_type=\"section\">\n\t\t\t\t\t\t<div class=\"elementor-container elementor-column-gap-default\">\n\t\t\t\t\t<div class=\"elementor-column elementor-col-100 elementor-inner-column elementor-element elementor-element-9f9a72c\" data-id=\"9f9a72c\" data-element_type=\"column\">\n\t\t\t<div class=\"elementor-widget-wrap elementor-element-populated\">\n\t\t\t\t\t\t\t\t<div class=\"elementor-element elementor-element-127bc66 elementor-widget elementor-widget-rs-heading\" data-id=\"127bc66\" data-element_type=\"widget\" data-widget_type=\"rs-heading.default\">\n\t\t\t\t<div class=\"elementor-widget-container\">\n\t\t\t        <div class=\"rs-heading default  \">\r\n        \t<div class=\"title-inner\">\r\n        \t\t      \t\t\r\n\t            \t        <\/div>\r\n\t                    \t<div class=\"description\">\r\n            \t\t<p id=\"u5400-12\" style=\"text-align: justify\"><strong>Vizyonumuz<\/strong><br \/>Kaliteden asla \u00f6d\u00fcn vermeden, \u00e7a\u011fda\u015f, optimum maliyetli \u00e7\u00f6z\u00fcmlerle projeleri, i\u015fi taahh\u00fct edilen zamanda, kurallar\u0131na g\u00f6re eksiksiz olarak teslim etmek.\u00a0 \u00c7a\u011fda\u015f ve uzman personelimizle hizmet verdi\u011fimiz sekt\u00f6rde amac\u0131m\u0131z, her zaman \"aranan ve tavsiye edilen\" olabilmektir.<\/p><p id=\"u5400-20\" style=\"text-align: justify\"><strong><span id=\"u5400-19\">Misyonumuz<br \/><\/span><\/strong>G\u00fcvenilir ve dinamik hizmet anlay\u0131\u015f\u0131m\u0131z ile faaliyet g\u00f6sterdi\u011fimiz sekt\u00f6rde fark yaratarak zorlu ve de\u011fi\u015fken piyasa ko\u015fullar\u0131nda dahi kaliteli ve yenilik\u00e7i giri\u015fimlerimizle \u00e7al\u0131\u015fanlar\u0131m\u0131za ve topluma de\u011fer katmakt\u0131r.<\/p><p id=\"u5401-12\" style=\"text-align: justify\"><strong>Kalite Politikam\u0131z<br \/><\/strong>Toplumsal sorumluluklar\u0131n bilincinde ve ya\u015fam alanlar\u0131 in\u015fa ederken \u00e7evreye duyarl\u0131 bir \u015firket olarak; M\u00fchendisli\u011fe, Mimariye, ilgili standartlara, teknik \u015fartnamelere, idari ve mevzuat \u015fartlar\u0131na, in\u015fa tekniklerine ve sanat\u0131na, deprem y\u00f6netmeli\u011fine uymak.<\/p><p id=\"u5401-19\" style=\"text-align: justify\">Teknolojiyi yak\u0131ndan takip ederek \u00fcr\u00fcn ve \u00fcretimde kullanmak. M\u00fc\u015fteri memnuniyetini s\u00fcrekli k\u0131lmak i\u00e7in m\u00fc\u015fterilerin ihtiya\u00e7 ve beklentilerini dikkate almak. Taahh\u00fctleri s\u00f6z verilen s\u00fcrede ger\u00e7ekle\u015ftirmek. Her seviyede e\u011fitimli insan kalitesine verdi\u011fi \u00f6nemle \u00e7al\u0131\u015fanlar\u0131na gerekli e\u011fitim programlar\u0131n\u0131 haz\u0131rlamak ve uygulamakt\u0131r.<\/p>            \t\t\r\n            \t<\/div>\r\n        \t        <\/div>\r\n\r\n        \t\t<\/div>\n\t\t\t\t<\/div>\n\t\t\t\t\t<\/div>\n\t\t<\/div>\n\t\t\t\t\t\t\t<\/div>\n\t\t<\/section>\n\t\t\t\t\t<\/div>\n\t\t<\/div>\n\t\t\t\t\t\t\t<\/div>\n\t\t<\/section>\n\t\t\t\t\t\t\t<\/div>\n\t\t","protected":false},"excerpt":{"rendered":"<p>KURUMSAL 1985 y\u0131l\u0131ndan g\u00fcn\u00fcm\u00fcze&#8230; Firmam\u0131z\u0131 ortaklar\u0131n proje, in\u015faat ve dekorasyon tecr\u00fcbelerinin de\u011ferlendirilmesi amac\u0131yla 1985 y\u0131l\u0131nda kurduk. 1989 y\u0131l\u0131nda kurulan Tepe-Knauf Al\u00e7\u0131pan Fabrikas\u0131na kurulu\u015funda bayi olup Al\u00e7\u0131pan ile ilgili her t\u00fcrl\u00fc Asma Tavan, B\u00f6lme Duvar, Giydirme Duvarlar ile Her T\u00fcrl\u00fc Ta\u015fy\u00fcn\u00fc Tavan Metal Asma Tavan i\u015fleri, Al\u00e7\u0131 S\u0131va, Boya, Ah\u015fap, Mantolama i\u015flerinde uzman kadromuz ile faaliyet&#8230;<\/p>\n","protected":false},"author":1,"featured_media":0,"parent":0,"menu_order":0,"comment_status":"closed","ping_status":"closed","template":"","meta":{"footnotes":""},"class_list":["post-9967","page","type-page","status-publish","hentry"],"_links":{"self":[{"href":"https:\/\/www.er-olins.com.tr\/index.php\/wp-json\/wp\/v2\/pages\/9967","targetHints":{"allow":["GET"]}}],"collection":[{"href":"https:\/\/www.er-olins.com.tr\/index.php\/wp-json\/wp\/v2\/pages"}],"about":[{"href":"https:\/\/www.er-olins.com.tr\/index.php\/wp-json\/wp\/v2\/types\/page"}],"author":[{"embeddable":true,"href":"https:\/\/www.er-olins.com.tr\/index.php\/wp-json\/wp\/v2\/users\/1"}],"replies":[{"embeddable":true,"href":"https:\/\/www.er-olins.com.tr\/index.php\/wp-json\/wp\/v2\/comments?post=9967"}],"version-history":[{"count":3,"href":"https:\/\/www.er-olins.com.tr\/index.php\/wp-json\/wp\/v2\/pages\/9967\/revisions"}],"predecessor-version":[{"id":12701,"href":"https:\/\/www.er-olins.com.tr\/index.php\/wp-json\/wp\/v2\/pages\/9967\/revisions\/12701"}],"wp:attachment":[{"href":"https:\/\/www.er-olins.com.tr\/index.php\/wp-json\/wp\/v2\/media?parent=9967"}],"curies":[{"name":"wp","href":"https:\/\/api.w.org\/{rel}","templated":true}]}}