{"id":12748,"date":"2025-05-09T11:13:31","date_gmt":"2025-05-09T11:13:31","guid":{"rendered":"https:\/\/www.er-olins.com.tr\/?page_id=12748"},"modified":"2025-05-09T11:20:54","modified_gmt":"2025-05-09T11:20:54","slug":"murfor-duvar-donatilari","status":"publish","type":"page","link":"https:\/\/www.er-olins.com.tr\/index.php\/murfor-duvar-donatilari\/","title":{"rendered":"Murfor\u00ae Duvar Donat\u0131lar\u0131"},"content":{"rendered":"\t\t<div data-elementor-type=\"wp-page\" data-elementor-id=\"12748\" class=\"elementor elementor-12748\">\n\t\t\t\t\t\t\t<div class=\"elementor-element elementor-element-d4d2d7a e-flex e-con-boxed e-con e-parent\" data-id=\"d4d2d7a\" data-element_type=\"container\" data-settings=\"{&quot;content_width&quot;:&quot;boxed&quot;}\" data-core-v316-plus=\"true\">\n\t\t\t\t\t<div class=\"e-con-inner\">\n\t\t\t\t<div class=\"elementor-element elementor-element-6579629 elementor-widget elementor-widget-heading\" data-id=\"6579629\" data-element_type=\"widget\" data-widget_type=\"heading.default\">\n\t\t\t\t<div class=\"elementor-widget-container\">\n\t\t\t<style>\/*! elementor - v3.16.0 - 20-09-2023 *\/\n.elementor-heading-title{padding:0;margin:0;line-height:1}.elementor-widget-heading .elementor-heading-title[class*=elementor-size-]>a{color:inherit;font-size:inherit;line-height:inherit}.elementor-widget-heading .elementor-heading-title.elementor-size-small{font-size:15px}.elementor-widget-heading .elementor-heading-title.elementor-size-medium{font-size:19px}.elementor-widget-heading .elementor-heading-title.elementor-size-large{font-size:29px}.elementor-widget-heading .elementor-heading-title.elementor-size-xl{font-size:39px}.elementor-widget-heading .elementor-heading-title.elementor-size-xxl{font-size:59px}<\/style><h2 class=\"elementor-heading-title elementor-size-default\">Duvar donat\u0131 \u00e7\u00f6z\u00fcmleri\n<\/h2>\t\t<\/div>\n\t\t\t\t<\/div>\n\t\t\t\t<div class=\"elementor-element elementor-element-d30e96c elementor-widget elementor-widget-text-editor\" data-id=\"d30e96c\" data-element_type=\"widget\" data-widget_type=\"text-editor.default\">\n\t\t\t\t<div class=\"elementor-widget-container\">\n\t\t\t<style>\/*! elementor - v3.16.0 - 20-09-2023 *\/\n.elementor-widget-text-editor.elementor-drop-cap-view-stacked .elementor-drop-cap{background-color:#69727d;color:#fff}.elementor-widget-text-editor.elementor-drop-cap-view-framed .elementor-drop-cap{color:#69727d;border:3px solid;background-color:transparent}.elementor-widget-text-editor:not(.elementor-drop-cap-view-default) .elementor-drop-cap{margin-top:8px}.elementor-widget-text-editor:not(.elementor-drop-cap-view-default) .elementor-drop-cap-letter{width:1em;height:1em}.elementor-widget-text-editor .elementor-drop-cap{float:left;text-align:center;line-height:1;font-size:50px}.elementor-widget-text-editor .elementor-drop-cap-letter{display:inline-block}<\/style>\t\t\t\t<p><b>Murfor\u00ae<\/b>\u00a0duvar donat\u0131lar\u0131 geni\u015f yelpazeye sahip yatay derz g\u00fc\u00e7lendirme \u00e7\u00f6z\u00fcmlerinden biridir. Her \u00fcr\u00fcn, farkl\u0131 uygulamalar\u0131n zorluklar\u0131n\u0131 kar\u015f\u0131layacak \u015fekilde geli\u015ftirilmi\u015ftir.<\/p>\t\t\t\t\t\t<\/div>\n\t\t\t\t<\/div>\n\t\t\t\t\t<\/div>\n\t\t\t\t<\/div>\n\t\t<div class=\"elementor-element elementor-element-35e1b26 e-flex e-con-boxed e-con e-parent\" data-id=\"35e1b26\" data-element_type=\"container\" data-settings=\"{&quot;content_width&quot;:&quot;boxed&quot;}\" data-core-v316-plus=\"true\">\n\t\t\t\t\t<div class=\"e-con-inner\">\n\t\t<div class=\"elementor-element elementor-element-b7011ca e-con-full e-flex e-con e-child\" data-id=\"b7011ca\" data-element_type=\"container\" data-settings=\"{&quot;content_width&quot;:&quot;full&quot;}\">\n\t\t\t\t<div class=\"elementor-element elementor-element-c71b21f elementor-widget elementor-widget-text-editor\" data-id=\"c71b21f\" data-element_type=\"widget\" data-widget_type=\"text-editor.default\">\n\t\t\t\t<div class=\"elementor-widget-container\">\n\t\t\t\t\t\t\t<p><b>Murfor\u00ae Compact<\/b><\/p><p>Murfor\u00ae duvar donat\u0131lar\u0131 geni\u015f yelpazeye sahip yatay derz g\u00fc\u00e7lendirme \u00e7\u00f6z\u00fcmlerinden biridir. Her \u00fcr\u00fcn, farkl\u0131 uygulamalar\u0131n zorluklar\u0131n\u0131 kar\u015f\u0131layacak \u015fekilde geli\u015ftirilmi\u015ftir.<\/p><ul><li>Etkili ve dayan\u0131kl\u0131 \u00e7atlak kontrol\u00fc<\/li><li>\u0130stiflenmesi ve ta\u015f\u0131nmas\u0131 kolay<\/li><li>Her duvar geni\u015fli\u011fine uyarlanabilir<\/li><li>H\u0131zl\u0131 ve basit uygulama<\/li><\/ul>\t\t\t\t\t\t<\/div>\n\t\t\t\t<\/div>\n\t\t\t\t<\/div>\n\t\t<div class=\"elementor-element elementor-element-a345ca4 e-con-full e-flex e-con e-child\" data-id=\"a345ca4\" data-element_type=\"container\" data-settings=\"{&quot;content_width&quot;:&quot;full&quot;}\">\n\t\t\t\t<div class=\"elementor-element elementor-element-c7a5d97 elementor-widget elementor-widget-image\" data-id=\"c7a5d97\" data-element_type=\"widget\" data-widget_type=\"image.default\">\n\t\t\t\t<div class=\"elementor-widget-container\">\n\t\t\t<style>\/*! elementor - v3.16.0 - 20-09-2023 *\/\n.elementor-widget-image{text-align:center}.elementor-widget-image a{display:inline-block}.elementor-widget-image a img[src$=\".svg\"]{width:48px}.elementor-widget-image img{vertical-align:middle;display:inline-block}<\/style>\t\t\t\t\t\t\t\t\t\t\t\t<img loading=\"lazy\" decoding=\"async\" width=\"380\" height=\"570\" src=\"https:\/\/www.er-olins.com.tr\/wp-content\/uploads\/2025\/05\/Murfor_20Compact_20-_20All_20round_20bed_20joint_20solutions-2.webp\" class=\"attachment-full size-full wp-image-12758\" alt=\"\" srcset=\"https:\/\/www.er-olins.com.tr\/wp-content\/uploads\/2025\/05\/Murfor_20Compact_20-_20All_20round_20bed_20joint_20solutions-2.webp 380w, https:\/\/www.er-olins.com.tr\/wp-content\/uploads\/2025\/05\/Murfor_20Compact_20-_20All_20round_20bed_20joint_20solutions-2-200x300.webp 200w\" sizes=\"auto, (max-width: 380px) 100vw, 380px\" \/>\t\t\t\t\t\t\t\t\t\t\t\t\t\t\t<\/div>\n\t\t\t\t<\/div>\n\t\t\t\t<\/div>\n\t\t\t\t\t<\/div>\n\t\t\t\t<\/div>\n\t\t<div class=\"elementor-element elementor-element-8880502 e-flex e-con-boxed e-con e-parent\" data-id=\"8880502\" data-element_type=\"container\" data-settings=\"{&quot;content_width&quot;:&quot;boxed&quot;}\" data-core-v316-plus=\"true\">\n\t\t\t\t\t<div class=\"e-con-inner\">\n\t\t<div class=\"elementor-element elementor-element-60ed903 e-con-full e-flex e-con e-child\" data-id=\"60ed903\" data-element_type=\"container\" data-settings=\"{&quot;content_width&quot;:&quot;full&quot;}\">\n\t\t\t\t<div class=\"elementor-element elementor-element-b94682a elementor-widget elementor-widget-text-editor\" data-id=\"b94682a\" data-element_type=\"widget\" data-widget_type=\"text-editor.default\">\n\t\t\t\t<div class=\"elementor-widget-container\">\n\t\t\t\t\t\t\t<h2 id=\"murfor-compactn-avantajlar\">Murfor\u00ae Compact\u2019\u0131n Avantajlar\u0131\u00a0<\/h2><h3><b>Mimarlar i\u00e7in faydalar\u0131<\/b><\/h3><p>Murfor\u00ae Compact, yap\u0131sal olarak g\u00fc\u00e7lendirilmi\u015f duvar uygulamalar\u0131 i\u00e7in geli\u015ftirilmi\u015ftir ve birbirine \u00f6r\u00fcl\u00fc fiberglas fitiller ile \u00e7elik kord \u00f6rg\u00fcs\u00fcnden olu\u015fur. Performans\u0131, EN 845-3\u2019te yap\u0131sal kullan\u0131m i\u00e7in belirtilen geleneksel, kaynakl\u0131 yatay derz donat\u0131s\u0131yla kar\u015f\u0131la\u015ft\u0131r\u0131labilir d\u00fczeydedir.<\/p>\t\t\t\t\t\t<\/div>\n\t\t\t\t<\/div>\n\t\t\t\t<\/div>\n\t\t<div class=\"elementor-element elementor-element-5128317 e-con-full e-flex e-con e-child\" data-id=\"5128317\" data-element_type=\"container\" data-settings=\"{&quot;content_width&quot;:&quot;full&quot;}\">\n\t\t\t\t<div class=\"elementor-element elementor-element-70fcaa0 elementor-widget elementor-widget-image\" data-id=\"70fcaa0\" data-element_type=\"widget\" data-widget_type=\"image.default\">\n\t\t\t\t<div class=\"elementor-widget-container\">\n\t\t\t\t\t\t\t\t\t\t\t\t\t\t\t<img loading=\"lazy\" decoding=\"async\" width=\"380\" height=\"280\" src=\"https:\/\/www.er-olins.com.tr\/wp-content\/uploads\/2025\/05\/Murfor_20Compact_20-_20architect-2.webp\" class=\"attachment-large size-large wp-image-12757\" alt=\"\" srcset=\"https:\/\/www.er-olins.com.tr\/wp-content\/uploads\/2025\/05\/Murfor_20Compact_20-_20architect-2.webp 380w, https:\/\/www.er-olins.com.tr\/wp-content\/uploads\/2025\/05\/Murfor_20Compact_20-_20architect-2-300x221.webp 300w\" sizes=\"auto, (max-width: 380px) 100vw, 380px\" \/>\t\t\t\t\t\t\t\t\t\t\t\t\t\t\t<\/div>\n\t\t\t\t<\/div>\n\t\t\t\t<\/div>\n\t\t\t\t\t<\/div>\n\t\t\t\t<\/div>\n\t\t<div class=\"elementor-element elementor-element-2c788a4 e-flex e-con-boxed e-con e-parent\" data-id=\"2c788a4\" data-element_type=\"container\" data-settings=\"{&quot;content_width&quot;:&quot;boxed&quot;}\" data-core-v316-plus=\"true\">\n\t\t\t\t\t<div class=\"e-con-inner\">\n\t\t<div class=\"elementor-element elementor-element-db93941 e-con-full e-flex e-con e-child\" data-id=\"db93941\" data-element_type=\"container\" data-settings=\"{&quot;content_width&quot;:&quot;full&quot;}\">\n\t\t\t\t<div class=\"elementor-element elementor-element-dbc77b4 elementor-widget elementor-widget-text-editor\" data-id=\"dbc77b4\" data-element_type=\"widget\" data-widget_type=\"text-editor.default\">\n\t\t\t\t<div class=\"elementor-widget-container\">\n\t\t\t\t\t\t\t<h3><b>Do\u011fru kullan\u0131m i\u00e7in geli\u015fmi\u015f \u00fcr\u00fcn tasar\u0131m\u0131<\/b><\/h3><p>Murfor\u00ae Compact, her duvara uyarlanabilecek \u015fekilde iki farkl\u0131 boyda ve \u00f6zel maruziyet s\u0131n\u0131flar\u0131n\u0131 kar\u015f\u0131lamak veya farkl\u0131 blok ya da tu\u011fla yap\u0131lar\u0131na uyum sa\u011flamak \u00fczere \u00fc\u00e7 farkl\u0131 ala\u015f\u0131mda sunulur. Do\u011fru \u00fcr\u00fcn\u00fcn kullan\u0131lmas\u0131n\u0131 sa\u011flamak \u00fczere Murfor\u00ae Compact tiplerinden her biri farkl\u0131 renkte sunulmaktad\u0131r:<\/p><ul><li>Murfor\u00ae Compact A: \u0130nce derzli duvarlar ve gazbeton uygulamalar\u0131 i\u00e7indir.<\/li><li>Murfor\u00ae Compact E: D\u0131\u015f duvarlar i\u00e7indir.<\/li><li>\u00a0Murfor\u00ae Compact I: Kuru ortamlarda, i\u00e7 duvarlar i\u00e7indir.<\/li><\/ul>\t\t\t\t\t\t<\/div>\n\t\t\t\t<\/div>\n\t\t\t\t<\/div>\n\t\t<div class=\"elementor-element elementor-element-0072e3e e-con-full e-flex e-con e-child\" data-id=\"0072e3e\" data-element_type=\"container\" data-settings=\"{&quot;content_width&quot;:&quot;full&quot;}\">\n\t\t\t\t<div class=\"elementor-element elementor-element-4af8892 elementor-widget elementor-widget-image\" data-id=\"4af8892\" data-element_type=\"widget\" data-widget_type=\"image.default\">\n\t\t\t\t<div class=\"elementor-widget-container\">\n\t\t\t\t\t\t\t\t\t\t\t\t\t\t\t<img loading=\"lazy\" decoding=\"async\" width=\"380\" height=\"280\" src=\"https:\/\/www.er-olins.com.tr\/wp-content\/uploads\/2025\/05\/Prinsenhof-Den_20Haag-2.webp\" class=\"attachment-large size-large wp-image-12756\" alt=\"\" srcset=\"https:\/\/www.er-olins.com.tr\/wp-content\/uploads\/2025\/05\/Prinsenhof-Den_20Haag-2.webp 380w, https:\/\/www.er-olins.com.tr\/wp-content\/uploads\/2025\/05\/Prinsenhof-Den_20Haag-2-300x221.webp 300w\" sizes=\"auto, (max-width: 380px) 100vw, 380px\" \/>\t\t\t\t\t\t\t\t\t\t\t\t\t\t\t<\/div>\n\t\t\t\t<\/div>\n\t\t\t\t<\/div>\n\t\t\t\t\t<\/div>\n\t\t\t\t<\/div>\n\t\t<div class=\"elementor-element elementor-element-0de33a3 e-flex e-con-boxed e-con e-parent\" data-id=\"0de33a3\" data-element_type=\"container\" data-settings=\"{&quot;content_width&quot;:&quot;boxed&quot;}\" data-core-v316-plus=\"true\">\n\t\t\t\t\t<div class=\"e-con-inner\">\n\t\t\t\t<div class=\"elementor-element elementor-element-cc88f53 elementor-widget elementor-widget-text-editor\" data-id=\"cc88f53\" data-element_type=\"widget\" data-widget_type=\"text-editor.default\">\n\t\t\t\t<div class=\"elementor-widget-container\">\n\t\t\t\t\t\t\t<h3>M\u00fcteahhitler i\u00e7in faydalar\u0131\u00a0<\/h3><p><b>H\u0131zl\u0131 ve basit kurulum<\/b><\/p><p>Murfor\u00ae Compact\u2019\u0131 blok veya tu\u011flalar\u0131n \u00fczerinde kolayl\u0131kla a\u00e7arak uygun boyutta kesmeniz yeterlidir; \u00fcst \u00fcste bindirme gerekli de\u011fildir ve fire azd\u0131r. Bir Murfor\u00ae Compact rulosu 30 m g\u00fc\u00e7lendirme malzemesi i\u00e7erir ve yaln\u0131zca yakla\u015f\u0131k 3 kg a\u011f\u0131rl\u0131\u011f\u0131ndad\u0131r; bu da ayn\u0131 uzunlukta al\u0131\u015f\u0131ld\u0131k duvar g\u00fc\u00e7lendirmelerinden yakla\u015f\u0131k 10 kat daha d\u00fc\u015f\u00fckt\u00fcr. Hafif rulolar\u0131n kald\u0131r\u0131lmas\u0131, ta\u015f\u0131nmas\u0131 ve kullan\u0131lmas\u0131 \u00e7ok daha g\u00fcvenlidir.<\/p>\t\t\t\t\t\t<\/div>\n\t\t\t\t<\/div>\n\t\t\t\t<div class=\"elementor-element elementor-element-a9466bf elementor-widget elementor-widget-video\" data-id=\"a9466bf\" data-element_type=\"widget\" data-settings=\"{&quot;youtube_url&quot;:&quot;https:\\\/\\\/www.youtube.com\\\/watch?v=mr3PFa6vFUQ&quot;,&quot;video_type&quot;:&quot;youtube&quot;,&quot;controls&quot;:&quot;yes&quot;}\" data-widget_type=\"video.default\">\n\t\t\t\t<div class=\"elementor-widget-container\">\n\t\t\t<style>\/*! elementor - v3.16.0 - 20-09-2023 *\/\n.elementor-widget-video .elementor-widget-container{overflow:hidden;transform:translateZ(0)}.elementor-widget-video .elementor-wrapper{aspect-ratio:var(--video-aspect-ratio)}.elementor-widget-video .elementor-wrapper iframe,.elementor-widget-video .elementor-wrapper video{height:100%;width:100%;display:flex;border:none;background-color:#000}@supports not (aspect-ratio:1\/1){.elementor-widget-video .elementor-wrapper{position:relative;overflow:hidden;height:0;padding-bottom:calc(100% \/ var(--video-aspect-ratio))}.elementor-widget-video .elementor-wrapper iframe,.elementor-widget-video .elementor-wrapper video{position:absolute;top:0;right:0;bottom:0;left:0}}.elementor-widget-video .elementor-open-inline .elementor-custom-embed-image-overlay{position:absolute;top:0;right:0;bottom:0;left:0;background-size:cover;background-position:50%}.elementor-widget-video .elementor-custom-embed-image-overlay{cursor:pointer;text-align:center}.elementor-widget-video .elementor-custom-embed-image-overlay:hover .elementor-custom-embed-play i{opacity:1}.elementor-widget-video .elementor-custom-embed-image-overlay img{display:block;width:100%;aspect-ratio:var(--video-aspect-ratio);-o-object-fit:cover;object-fit:cover;-o-object-position:center center;object-position:center center}@supports not (aspect-ratio:1\/1){.elementor-widget-video .elementor-custom-embed-image-overlay{position:relative;overflow:hidden;height:0;padding-bottom:calc(100% \/ var(--video-aspect-ratio))}.elementor-widget-video .elementor-custom-embed-image-overlay img{position:absolute;top:0;right:0;bottom:0;left:0}}.elementor-widget-video .e-hosted-video .elementor-video{-o-object-fit:cover;object-fit:cover}.e-con-inner>.elementor-widget-video,.e-con>.elementor-widget-video{width:var(--container-widget-width);--flex-grow:var(--container-widget-flex-grow)}<\/style>\t\t<div class=\"elementor-wrapper elementor-open-inline\">\n\t\t\t<div class=\"elementor-video\"><\/div>\t\t<\/div>\n\t\t\t\t<\/div>\n\t\t\t\t<\/div>\n\t\t\t\t\t<\/div>\n\t\t\t\t<\/div>\n\t\t<div class=\"elementor-element elementor-element-8f10c57 e-flex e-con-boxed e-con e-parent\" data-id=\"8f10c57\" data-element_type=\"container\" data-settings=\"{&quot;content_width&quot;:&quot;boxed&quot;}\" data-core-v316-plus=\"true\">\n\t\t\t\t\t<div class=\"e-con-inner\">\n\t\t<div class=\"elementor-element elementor-element-119f046 e-con-full e-flex e-con e-child\" data-id=\"119f046\" data-element_type=\"container\" data-settings=\"{&quot;content_width&quot;:&quot;full&quot;}\">\n\t\t\t\t<div class=\"elementor-element elementor-element-2be42a2 elementor-widget elementor-widget-text-editor\" data-id=\"2be42a2\" data-element_type=\"widget\" data-widget_type=\"text-editor.default\">\n\t\t\t\t<div class=\"elementor-widget-container\">\n\t\t\t\t\t\t\t<p><b>\u0130stiflenmesi ve ta\u015f\u0131nmas\u0131 kolay<\/b><\/p><p>Murfor\u00ae Compact rulolar\u0131n\u0131n hacmi k\u00fc\u00e7\u00fckt\u00fcr; bu da ekonomik ve lojistik a\u00e7\u0131dan avantajlar sa\u011flar. Rulolar\u0131 kolayca istifleyebilirsiniz; b\u00f6ylece depolarken ve ta\u015f\u0131rken daha az yer kaplarlar.<\/p><p>\u00a0<\/p><p><b>Her duvar geni\u015fli\u011fine uyarlanabilir<\/b><\/p><p>Murfor\u00ae Compact her duvar geni\u015fli\u011fine uygundur. Donat\u0131, gereken her geni\u015flikte duvar\u0131 g\u00fc\u00e7lendirmek i\u00e7in, kolayca kombine edilebilen iki adet uygun geni\u015flikte sunulmaktad\u0131r.<\/p>\t\t\t\t\t\t<\/div>\n\t\t\t\t<\/div>\n\t\t\t\t<\/div>\n\t\t<div class=\"elementor-element elementor-element-1c9e230 e-con-full e-flex e-con e-child\" data-id=\"1c9e230\" data-element_type=\"container\" data-settings=\"{&quot;content_width&quot;:&quot;full&quot;}\">\n\t\t\t\t<div class=\"elementor-element elementor-element-e46ea99 elementor-widget elementor-widget-image\" data-id=\"e46ea99\" data-element_type=\"widget\" data-widget_type=\"image.default\">\n\t\t\t\t<div class=\"elementor-widget-container\">\n\t\t\t\t\t\t\t\t\t\t\t\t\t\t\t<img loading=\"lazy\" decoding=\"async\" width=\"380\" height=\"250\" src=\"https:\/\/www.er-olins.com.tr\/wp-content\/uploads\/2025\/05\/Murfor_20Compact_20-_20masonry-2-1.webp\" class=\"attachment-full size-full wp-image-12755\" alt=\"\" srcset=\"https:\/\/www.er-olins.com.tr\/wp-content\/uploads\/2025\/05\/Murfor_20Compact_20-_20masonry-2-1.webp 380w, https:\/\/www.er-olins.com.tr\/wp-content\/uploads\/2025\/05\/Murfor_20Compact_20-_20masonry-2-1-300x197.webp 300w\" sizes=\"auto, (max-width: 380px) 100vw, 380px\" \/>\t\t\t\t\t\t\t\t\t\t\t\t\t\t\t<\/div>\n\t\t\t\t<\/div>\n\t\t\t\t<\/div>\n\t\t\t\t\t<\/div>\n\t\t\t\t<\/div>\n\t\t<div class=\"elementor-element elementor-element-0d2b70e e-flex e-con-boxed e-con e-parent\" data-id=\"0d2b70e\" data-element_type=\"container\" data-settings=\"{&quot;content_width&quot;:&quot;boxed&quot;}\" data-core-v316-plus=\"true\">\n\t\t\t\t\t<div class=\"e-con-inner\">\n\t\t<div class=\"elementor-element elementor-element-fdf46e0 e-con-full e-flex e-con e-child\" data-id=\"fdf46e0\" data-element_type=\"container\" data-settings=\"{&quot;content_width&quot;:&quot;full&quot;}\">\n\t\t\t\t<div class=\"elementor-element elementor-element-6c261ff elementor-widget elementor-widget-text-editor\" data-id=\"6c261ff\" data-element_type=\"widget\" data-widget_type=\"text-editor.default\">\n\t\t\t\t<div class=\"elementor-widget-container\">\n\t\t\t\t\t\t\t<h2 id=\"dier-zmlerimiz\">Di\u011fer \u00e7\u00f6z\u00fcmlerimiz<\/h2><h3><b>Murfor\u00ae+\u00a0<\/b><\/h3><p>Murfor\u00ae+ elemanlar\u0131n har\u00e7 katman\u0131nda kusursuz bir \u015fekilde konumland\u0131r\u0131lmas\u0131n\u0131 ve sabitlenmesini sa\u011flayan ara par\u00e7alar ve nerv\u00fcrl\u00fc teller bar\u0131nd\u0131r\u0131r. Bu elemanlar Murfor\u00ae ile ayn\u0131 avantajlar\u0131 sunmakla birlikte elemanlar\u0131 tu\u011fla \u00fczerine \u201cso\u011fuk\u201d olarak yerle\u015ftirmenizi m\u00fcmk\u00fcn k\u0131larak s\u00fcreci h\u0131zland\u0131rman\u0131za yard\u0131mc\u0131 olur.\u00a0<\/p><p>Murfor\u00ae + yatay derz donat\u0131s\u0131:<\/p><ul><li>Daha h\u0131zl\u0131 ve rahat bir \u015fekilde uygulanabilir<\/li><li>Di\u011fer g\u00fc\u00e7lendirme \u00e7\u00f6z\u00fcmlerinden daha kuvvetlidirs<\/li><\/ul>\t\t\t\t\t\t<\/div>\n\t\t\t\t<\/div>\n\t\t\t\t<\/div>\n\t\t<div class=\"elementor-element elementor-element-f73f8c0 e-con-full e-flex e-con e-child\" data-id=\"f73f8c0\" data-element_type=\"container\" data-settings=\"{&quot;content_width&quot;:&quot;full&quot;}\">\n\t\t\t\t<div class=\"elementor-element elementor-element-e7fb9cd elementor-widget elementor-widget-image\" data-id=\"e7fb9cd\" data-element_type=\"widget\" data-widget_type=\"image.default\">\n\t\t\t\t<div class=\"elementor-widget-container\">\n\t\t\t\t\t\t\t\t\t\t\t\t\t\t\t<img loading=\"lazy\" decoding=\"async\" width=\"350\" height=\"250\" src=\"https:\/\/www.er-olins.com.tr\/wp-content\/uploads\/2025\/05\/Murfor_20plus-2.webp\" class=\"attachment-full size-full wp-image-12754\" alt=\"\" srcset=\"https:\/\/www.er-olins.com.tr\/wp-content\/uploads\/2025\/05\/Murfor_20plus-2.webp 350w, https:\/\/www.er-olins.com.tr\/wp-content\/uploads\/2025\/05\/Murfor_20plus-2-300x214.webp 300w\" sizes=\"auto, (max-width: 350px) 100vw, 350px\" \/>\t\t\t\t\t\t\t\t\t\t\t\t\t\t\t<\/div>\n\t\t\t\t<\/div>\n\t\t\t\t<\/div>\n\t\t\t\t\t<\/div>\n\t\t\t\t<\/div>\n\t\t<div class=\"elementor-element elementor-element-27d8d7f e-flex e-con-boxed e-con e-parent\" data-id=\"27d8d7f\" data-element_type=\"container\" data-settings=\"{&quot;content_width&quot;:&quot;boxed&quot;}\" data-core-v316-plus=\"true\">\n\t\t\t\t\t<div class=\"e-con-inner\">\n\t\t<div class=\"elementor-element elementor-element-22d9d02 e-con-full e-flex e-con e-child\" data-id=\"22d9d02\" data-element_type=\"container\" data-settings=\"{&quot;content_width&quot;:&quot;full&quot;}\">\n\t\t\t\t<div class=\"elementor-element elementor-element-ed7ae77 elementor-widget elementor-widget-text-editor\" data-id=\"ed7ae77\" data-element_type=\"widget\" data-widget_type=\"text-editor.default\">\n\t\t\t\t<div class=\"elementor-widget-container\">\n\t\t\t\t\t\t\t<h3><b>Murfor\u00ae<\/b><\/h3><p>Murfor\u00ae duvarlar\u0131n\u0131z\u0131n kuvvetini ve yap\u0131 b\u00fct\u00fcnl\u00fc\u011f\u00fcn\u00fc art\u0131r\u0131r. Bu g\u00fc\u00e7lendirme, duvar i\u015flerinizi tam g\u00fcven i\u00e7inde yapabilmenizi sa\u011flar.<\/p><p>Murfor yatay derz g\u00fc\u00e7lendirmelerini kullanabilece\u011finiz alanlar:<\/p><ul><li>A\u00e7\u0131kl\u0131klar ve lentolar<\/li><li>Y\u00fck ta\u015f\u0131yan duvarlar\u00a0<\/li><li>A\u015f\u0131r\u0131 uzun ve y\u00fcksek duvarlar\u00a0<\/li><li>Sismik ortamlardaki duvarlar<\/li><\/ul>\t\t\t\t\t\t<\/div>\n\t\t\t\t<\/div>\n\t\t\t\t<\/div>\n\t\t<div class=\"elementor-element elementor-element-ed402bd e-con-full e-flex e-con e-child\" data-id=\"ed402bd\" data-element_type=\"container\" data-settings=\"{&quot;content_width&quot;:&quot;full&quot;}\">\n\t\t\t\t<div class=\"elementor-element elementor-element-169a37c elementor-widget elementor-widget-image\" data-id=\"169a37c\" data-element_type=\"widget\" data-widget_type=\"image.default\">\n\t\t\t\t<div class=\"elementor-widget-container\">\n\t\t\t\t\t\t\t\t\t\t\t\t\t\t\t<img loading=\"lazy\" decoding=\"async\" width=\"350\" height=\"250\" src=\"https:\/\/www.er-olins.com.tr\/wp-content\/uploads\/2025\/05\/Murfor-2.webp\" class=\"attachment-large size-large wp-image-12753\" alt=\"\" srcset=\"https:\/\/www.er-olins.com.tr\/wp-content\/uploads\/2025\/05\/Murfor-2.webp 350w, https:\/\/www.er-olins.com.tr\/wp-content\/uploads\/2025\/05\/Murfor-2-300x214.webp 300w\" sizes=\"auto, (max-width: 350px) 100vw, 350px\" \/>\t\t\t\t\t\t\t\t\t\t\t\t\t\t\t<\/div>\n\t\t\t\t<\/div>\n\t\t\t\t<\/div>\n\t\t\t\t\t<\/div>\n\t\t\t\t<\/div>\n\t\t\t\t\t\t\t<\/div>\n\t\t","protected":false},"excerpt":{"rendered":"<p>Duvar donat\u0131 \u00e7\u00f6z\u00fcmleri Murfor\u00ae\u00a0duvar donat\u0131lar\u0131 geni\u015f yelpazeye sahip yatay derz g\u00fc\u00e7lendirme \u00e7\u00f6z\u00fcmlerinden biridir. Her \u00fcr\u00fcn, farkl\u0131 uygulamalar\u0131n zorluklar\u0131n\u0131 kar\u015f\u0131layacak \u015fekilde geli\u015ftirilmi\u015ftir. Murfor\u00ae Compact Murfor\u00ae duvar donat\u0131lar\u0131 geni\u015f yelpazeye sahip yatay derz g\u00fc\u00e7lendirme \u00e7\u00f6z\u00fcmlerinden biridir. Her \u00fcr\u00fcn, farkl\u0131 uygulamalar\u0131n zorluklar\u0131n\u0131 kar\u015f\u0131layacak \u015fekilde geli\u015ftirilmi\u015ftir. Etkili ve dayan\u0131kl\u0131 \u00e7atlak kontrol\u00fc \u0130stiflenmesi ve ta\u015f\u0131nmas\u0131 kolay Her duvar geni\u015fli\u011fine uyarlanabilir&#8230;<\/p>\n","protected":false},"author":1,"featured_media":0,"parent":0,"menu_order":0,"comment_status":"closed","ping_status":"closed","template":"","meta":{"footnotes":""},"class_list":["post-12748","page","type-page","status-publish","hentry"],"_links":{"self":[{"href":"https:\/\/www.er-olins.com.tr\/index.php\/wp-json\/wp\/v2\/pages\/12748","targetHints":{"allow":["GET"]}}],"collection":[{"href":"https:\/\/www.er-olins.com.tr\/index.php\/wp-json\/wp\/v2\/pages"}],"about":[{"href":"https:\/\/www.er-olins.com.tr\/index.php\/wp-json\/wp\/v2\/types\/page"}],"author":[{"embeddable":true,"href":"https:\/\/www.er-olins.com.tr\/index.php\/wp-json\/wp\/v2\/users\/1"}],"replies":[{"embeddable":true,"href":"https:\/\/www.er-olins.com.tr\/index.php\/wp-json\/wp\/v2\/comments?post=12748"}],"version-history":[{"count":10,"href":"https:\/\/www.er-olins.com.tr\/index.php\/wp-json\/wp\/v2\/pages\/12748\/revisions"}],"predecessor-version":[{"id":12767,"href":"https:\/\/www.er-olins.com.tr\/index.php\/wp-json\/wp\/v2\/pages\/12748\/revisions\/12767"}],"wp:attachment":[{"href":"https:\/\/www.er-olins.com.tr\/index.php\/wp-json\/wp\/v2\/media?parent=12748"}],"curies":[{"name":"wp","href":"https:\/\/api.w.org\/{rel}","templated":true}]}}