{"id":12467,"date":"2021-06-26T14:46:33","date_gmt":"2021-06-26T11:46:33","guid":{"rendered":"https:\/\/alfadestek.com\/er-olinsaat\/?page_id=12467"},"modified":"2021-06-26T14:46:33","modified_gmt":"2021-06-26T11:46:33","slug":"moduler-bolme-duvar","status":"publish","type":"page","link":"https:\/\/www.er-olins.com.tr\/index.php\/urunlerimiz\/bolme-duvar-sistemleri\/moduler-bolme-duvar\/","title":{"rendered":"Mod\u00fcler B\u00f6lme Duvar"},"content":{"rendered":"\t\t<div data-elementor-type=\"wp-page\" data-elementor-id=\"12467\" class=\"elementor elementor-12467\">\n\t\t\t\t\t\t\t\t\t<section class=\"elementor-section elementor-top-section elementor-element elementor-element-67c89288 elementor-section-full_width elementor-section-content-middle elementor-section-height-default elementor-section-height-default\" data-id=\"67c89288\" data-element_type=\"section\">\n\t\t\t\t\t\t<div class=\"elementor-container elementor-column-gap-wide\">\n\t\t\t\t\t<div class=\"elementor-column elementor-col-100 elementor-top-column elementor-element elementor-element-0fa1159\" data-id=\"0fa1159\" data-element_type=\"column\">\n\t\t\t<div class=\"elementor-widget-wrap elementor-element-populated\">\n\t\t\t\t\t\t\t\t<div class=\"elementor-element elementor-element-fa3fedc elementor-widget elementor-widget-text-editor\" data-id=\"fa3fedc\" data-element_type=\"widget\" data-widget_type=\"text-editor.default\">\n\t\t\t\t<div class=\"elementor-widget-container\">\n\t\t\t<style>\/*! elementor - v3.16.0 - 20-09-2023 *\/\n.elementor-widget-text-editor.elementor-drop-cap-view-stacked .elementor-drop-cap{background-color:#69727d;color:#fff}.elementor-widget-text-editor.elementor-drop-cap-view-framed .elementor-drop-cap{color:#69727d;border:3px solid;background-color:transparent}.elementor-widget-text-editor:not(.elementor-drop-cap-view-default) .elementor-drop-cap{margin-top:8px}.elementor-widget-text-editor:not(.elementor-drop-cap-view-default) .elementor-drop-cap-letter{width:1em;height:1em}.elementor-widget-text-editor .elementor-drop-cap{float:left;text-align:center;line-height:1;font-size:50px}.elementor-widget-text-editor .elementor-drop-cap-letter{display:inline-block}<\/style>\t\t\t\t<p id=\"u6845-15\">Mod\u00fcler B\u00f6lme Duvar, demontable b\u00f6lme olma \u00f6zelli\u011fi ile, al\u00fcminyum ve cam\u0131n birle\u015ftirilmesiyle\u00a0 farkl\u0131 ve kullan\u0131\u015fl\u0131 hacimlerin elde edilmesinde kolayl\u0131k sa\u011flayan ofis b\u00f6lme sistemleridir. Ofis b\u00f6lmeleri ve di\u011fer uygulama ortamlar\u0131nda h\u0131zl\u0131 bir bi\u00e7imde uygulan\u0131rken, estetik \u00fcst\u00fcnl\u00fckleriyle de mekana \u015f\u0131k ve sade g\u00f6r\u00fcn\u00fcm\u00fc ile ofis b\u00f6lme sistemi duvarlara farkl\u0131l\u0131k katar.<\/p><p id=\"u6845-17\">G\u00fcn\u00fcm\u00fczde mdf kapl\u0131 , dekoratif desenli panellerinde \u00fcretilnesiyle A+ mekanlarda kullan\u0131lan b\u00f6lme sistemidir. En b\u00fcy\u00fck avantaj\u0131 demontable oldu\u011fundan dolay\u0131 kullan\u0131c\u0131lar\u0131na b\u00fcy\u00fck esneklik sa\u011flar<\/p>\t\t\t\t\t\t<\/div>\n\t\t\t\t<\/div>\n\t\t\t\t\t<\/div>\n\t\t<\/div>\n\t\t\t\t\t\t\t<\/div>\n\t\t<\/section>\n\t\t\t\t\t\t\t<\/div>\n\t\t","protected":false},"excerpt":{"rendered":"<p>Mod\u00fcler B\u00f6lme Duvar, demontable b\u00f6lme olma \u00f6zelli\u011fi ile, al\u00fcminyum ve cam\u0131n birle\u015ftirilmesiyle\u00a0 farkl\u0131 ve kullan\u0131\u015fl\u0131 hacimlerin elde edilmesinde kolayl\u0131k sa\u011flayan ofis b\u00f6lme sistemleridir. Ofis b\u00f6lmeleri ve di\u011fer uygulama ortamlar\u0131nda h\u0131zl\u0131 bir bi\u00e7imde uygulan\u0131rken, estetik \u00fcst\u00fcnl\u00fckleriyle de mekana \u015f\u0131k ve sade g\u00f6r\u00fcn\u00fcm\u00fc ile ofis b\u00f6lme sistemi duvarlara farkl\u0131l\u0131k katar. G\u00fcn\u00fcm\u00fczde mdf kapl\u0131 , dekoratif desenli panellerinde&#8230;<\/p>\n","protected":false},"author":1,"featured_media":0,"parent":12458,"menu_order":0,"comment_status":"closed","ping_status":"closed","template":"","meta":{"footnotes":""},"class_list":["post-12467","page","type-page","status-publish","hentry"],"_links":{"self":[{"href":"https:\/\/www.er-olins.com.tr\/index.php\/wp-json\/wp\/v2\/pages\/12467","targetHints":{"allow":["GET"]}}],"collection":[{"href":"https:\/\/www.er-olins.com.tr\/index.php\/wp-json\/wp\/v2\/pages"}],"about":[{"href":"https:\/\/www.er-olins.com.tr\/index.php\/wp-json\/wp\/v2\/types\/page"}],"author":[{"embeddable":true,"href":"https:\/\/www.er-olins.com.tr\/index.php\/wp-json\/wp\/v2\/users\/1"}],"replies":[{"embeddable":true,"href":"https:\/\/www.er-olins.com.tr\/index.php\/wp-json\/wp\/v2\/comments?post=12467"}],"version-history":[{"count":0,"href":"https:\/\/www.er-olins.com.tr\/index.php\/wp-json\/wp\/v2\/pages\/12467\/revisions"}],"up":[{"embeddable":true,"href":"https:\/\/www.er-olins.com.tr\/index.php\/wp-json\/wp\/v2\/pages\/12458"}],"wp:attachment":[{"href":"https:\/\/www.er-olins.com.tr\/index.php\/wp-json\/wp\/v2\/media?parent=12467"}],"curies":[{"name":"wp","href":"https:\/\/api.w.org\/{rel}","templated":true}]}}