{"id":12466,"date":"2021-06-26T14:46:30","date_gmt":"2021-06-26T11:46:30","guid":{"rendered":"https:\/\/alfadestek.com\/er-olinsaat\/?page_id=12466"},"modified":"2021-06-26T14:46:30","modified_gmt":"2021-06-26T11:46:30","slug":"alcipan-bolme-duvar","status":"publish","type":"page","link":"https:\/\/www.er-olins.com.tr\/index.php\/urunlerimiz\/bolme-duvar-sistemleri\/alcipan-bolme-duvar\/","title":{"rendered":"Al\u00e7\u0131pan B\u00f6lme Duvar"},"content":{"rendered":"\t\t<div data-elementor-type=\"wp-page\" data-elementor-id=\"12466\" class=\"elementor elementor-12466\">\n\t\t\t\t\t\t\t\t\t<section class=\"elementor-section elementor-top-section elementor-element elementor-element-67c89288 elementor-section-full_width elementor-section-content-middle elementor-section-height-default elementor-section-height-default\" data-id=\"67c89288\" data-element_type=\"section\">\n\t\t\t\t\t\t<div class=\"elementor-container elementor-column-gap-wide\">\n\t\t\t\t\t<div class=\"elementor-column elementor-col-100 elementor-top-column elementor-element elementor-element-0827009\" data-id=\"0827009\" data-element_type=\"column\">\n\t\t\t<div class=\"elementor-widget-wrap elementor-element-populated\">\n\t\t\t\t\t\t\t\t<div class=\"elementor-element elementor-element-3b994a5 elementor-widget elementor-widget-text-editor\" data-id=\"3b994a5\" data-element_type=\"widget\" data-widget_type=\"text-editor.default\">\n\t\t\t\t<div class=\"elementor-widget-container\">\n\t\t\t<style>\/*! elementor - v3.16.0 - 20-09-2023 *\/\n.elementor-widget-text-editor.elementor-drop-cap-view-stacked .elementor-drop-cap{background-color:#69727d;color:#fff}.elementor-widget-text-editor.elementor-drop-cap-view-framed .elementor-drop-cap{color:#69727d;border:3px solid;background-color:transparent}.elementor-widget-text-editor:not(.elementor-drop-cap-view-default) .elementor-drop-cap{margin-top:8px}.elementor-widget-text-editor:not(.elementor-drop-cap-view-default) .elementor-drop-cap-letter{width:1em;height:1em}.elementor-widget-text-editor .elementor-drop-cap{float:left;text-align:center;line-height:1;font-size:50px}.elementor-widget-text-editor .elementor-drop-cap-letter{display:inline-block}<\/style>\t\t\t\t<p id=\"u6788-15\">Al\u00e7\u0131pan b\u00f6lme duvar tu\u011fla duvardan 9 kat daha hafiftir. Bu depremden daha az etkilenmesi anlam\u0131na gelmektedir.<\/p><p id=\"u6788-17\">Al\u00e7\u0131pan m\u00fckemmel ses ve \u0131s\u0131 yal\u0131t\u0131m\u0131 sa\u011flar, ihtiyac\u0131n\u0131z olan \u0131s\u0131 ve ses yal\u0131t\u0131m de\u011ferlerine ula\u015fmak m\u00fcmk\u00fcnd\u00fcr. Her t\u00fcrll\u00fc ihtiyacan\u0131z\u0131 uygun plakalar mevcuttur (Suya Dayan\u0131kl\u0131 , Yang\u0131na Dayan\u0131kl\u0131 vb,).Her mevsimde imalat yap\u0131lmaya uygun olup , imalat\u0131 di\u011fer duvar imalatlar\u0131na nazaran olduk\u00e7a h\u0131zl\u0131d\u0131r.<\/p><p id=\"u6788-19\">Al\u00e7\u0131pan B\u00f6lme Duvarlar yer kayb\u0131na yol a\u00e7maz; minimum 7.5 cm duvar kal\u0131nl\u0131\u011f\u0131ndan ba\u015flay\u0131p istedi\u011finiz kal\u0131nl\u0131kta duvar imalat\u0131 yap\u0131labilir.<\/p><p id=\"u6788-20\">\u00a0<\/p>\t\t\t\t\t\t<\/div>\n\t\t\t\t<\/div>\n\t\t\t\t\t<\/div>\n\t\t<\/div>\n\t\t\t\t\t\t\t<\/div>\n\t\t<\/section>\n\t\t\t\t\t\t\t<\/div>\n\t\t","protected":false},"excerpt":{"rendered":"<p>Al\u00e7\u0131pan b\u00f6lme duvar tu\u011fla duvardan 9 kat daha hafiftir. Bu depremden daha az etkilenmesi anlam\u0131na gelmektedir. Al\u00e7\u0131pan m\u00fckemmel ses ve \u0131s\u0131 yal\u0131t\u0131m\u0131 sa\u011flar, ihtiyac\u0131n\u0131z olan \u0131s\u0131 ve ses yal\u0131t\u0131m de\u011ferlerine ula\u015fmak m\u00fcmk\u00fcnd\u00fcr. Her t\u00fcrll\u00fc ihtiyacan\u0131z\u0131 uygun plakalar mevcuttur (Suya Dayan\u0131kl\u0131 , Yang\u0131na Dayan\u0131kl\u0131 vb,).Her mevsimde imalat yap\u0131lmaya uygun olup , imalat\u0131 di\u011fer duvar imalatlar\u0131na nazaran&#8230;<\/p>\n","protected":false},"author":1,"featured_media":0,"parent":12458,"menu_order":0,"comment_status":"closed","ping_status":"closed","template":"","meta":{"footnotes":""},"class_list":["post-12466","page","type-page","status-publish","hentry"],"_links":{"self":[{"href":"https:\/\/www.er-olins.com.tr\/index.php\/wp-json\/wp\/v2\/pages\/12466","targetHints":{"allow":["GET"]}}],"collection":[{"href":"https:\/\/www.er-olins.com.tr\/index.php\/wp-json\/wp\/v2\/pages"}],"about":[{"href":"https:\/\/www.er-olins.com.tr\/index.php\/wp-json\/wp\/v2\/types\/page"}],"author":[{"embeddable":true,"href":"https:\/\/www.er-olins.com.tr\/index.php\/wp-json\/wp\/v2\/users\/1"}],"replies":[{"embeddable":true,"href":"https:\/\/www.er-olins.com.tr\/index.php\/wp-json\/wp\/v2\/comments?post=12466"}],"version-history":[{"count":0,"href":"https:\/\/www.er-olins.com.tr\/index.php\/wp-json\/wp\/v2\/pages\/12466\/revisions"}],"up":[{"embeddable":true,"href":"https:\/\/www.er-olins.com.tr\/index.php\/wp-json\/wp\/v2\/pages\/12458"}],"wp:attachment":[{"href":"https:\/\/www.er-olins.com.tr\/index.php\/wp-json\/wp\/v2\/media?parent=12466"}],"curies":[{"name":"wp","href":"https:\/\/api.w.org\/{rel}","templated":true}]}}