{"id":12465,"date":"2021-06-26T14:46:26","date_gmt":"2021-06-26T11:46:26","guid":{"rendered":"https:\/\/alfadestek.com\/er-olinsaat\/?page_id=12465"},"modified":"2021-06-26T14:46:26","modified_gmt":"2021-06-26T11:46:26","slug":"petek-metal-asma-tavan","status":"publish","type":"page","link":"https:\/\/www.er-olins.com.tr\/index.php\/urunlerimiz\/asma-tavan-sistemleri\/petek-metal-asma-tavan\/","title":{"rendered":"Petek Metal Asma Tavan"},"content":{"rendered":"\t\t<div data-elementor-type=\"wp-page\" data-elementor-id=\"12465\" class=\"elementor elementor-12465\">\n\t\t\t\t\t\t\t\t\t<section class=\"elementor-section elementor-top-section elementor-element elementor-element-67c89288 elementor-section-full_width elementor-section-content-middle elementor-section-height-default elementor-section-height-default\" data-id=\"67c89288\" data-element_type=\"section\">\n\t\t\t\t\t\t<div class=\"elementor-container elementor-column-gap-wide\">\n\t\t\t\t\t<div class=\"elementor-column elementor-col-100 elementor-top-column elementor-element elementor-element-489d69b4\" data-id=\"489d69b4\" data-element_type=\"column\">\n\t\t\t<div class=\"elementor-widget-wrap elementor-element-populated\">\n\t\t\t\t\t\t\t\t<div class=\"elementor-element elementor-element-3c94d06 elementor-widget elementor-widget-text-editor\" data-id=\"3c94d06\" data-element_type=\"widget\" data-widget_type=\"text-editor.default\">\n\t\t\t\t<div class=\"elementor-widget-container\">\n\t\t\t<style>\/*! elementor - v3.16.0 - 20-09-2023 *\/\n.elementor-widget-text-editor.elementor-drop-cap-view-stacked .elementor-drop-cap{background-color:#69727d;color:#fff}.elementor-widget-text-editor.elementor-drop-cap-view-framed .elementor-drop-cap{color:#69727d;border:3px solid;background-color:transparent}.elementor-widget-text-editor:not(.elementor-drop-cap-view-default) .elementor-drop-cap{margin-top:8px}.elementor-widget-text-editor:not(.elementor-drop-cap-view-default) .elementor-drop-cap-letter{width:1em;height:1em}.elementor-widget-text-editor .elementor-drop-cap{float:left;text-align:center;line-height:1;font-size:50px}.elementor-widget-text-editor .elementor-drop-cap-letter{display:inline-block}<\/style>\t\t\t\t<p id=\"u6719-15\">Petek tavan sistemi, tavan \u00fcst\u00fc tesisata kesintisiz ve dekoratif bir maske olu\u015fturman\u0131n yan\u0131s\u0131ra, gerekti\u011finde kolayl\u0131kla eri\u015fim imkan\u0131 sa\u011flama \u00f6zellikleri sayesinde, asma tavan \u00e7\u00f6z\u00fcmleri aras\u0131nda hem fonksiyonel hem de \u015f\u0131k bir alternatif olu\u015fturmaktad\u0131r.<\/p><p id=\"u6719-18\">Sistem, petek g\u00f6r\u00fcnt\u00fcs\u00fc olu\u015fturacak bi\u00e7imde i\u00e7i\u00e7e ge\u00e7irilmi\u015f, 10 mm geni\u015fli\u011finde ve 40 mm y\u00fcksekli\u011finde, U bi\u00e7imli aluminyum profillerden olu\u015fmaktad\u0131r. Gerek ta\u015f\u0131y\u0131c\u0131 sistemin (ana ve \u00e7arpraz ta\u015f\u0131y\u0131c\u0131lar), gerekse petek \u015feklinde monte edilmi\u015f profillerin ayn\u0131 olu\u015fu, gizli ta\u015f\u0131y\u0131c\u0131 sistem etkisi yaratman\u0131n yan\u0131s\u0131ra ekonomik bir asma tavan \u00e7\u00f6z\u00fcm\u00fc sunmaktad\u0131r. Profilin U kollar\u0131 \u00fczerinde bulunan 2,6 mm geni\u015fli\u011findeki dudaklar, e\u011filmelere kar\u015f\u0131 daha kat\u0131 bir yap\u0131 olu\u015fturmaktad\u0131r. Sa\u011flamakta oldu\u011fu \u00fcst\u00fcn avantajlar nedeniyle bu sistem al\u0131\u015fveri\u015f merkezlerinde geni\u015f kullan\u0131m alan\u0131 bulmaktad\u0131r.<\/p>\t\t\t\t\t\t<\/div>\n\t\t\t\t<\/div>\n\t\t\t\t\t<\/div>\n\t\t<\/div>\n\t\t\t\t\t\t\t<\/div>\n\t\t<\/section>\n\t\t\t\t\t\t\t<\/div>\n\t\t","protected":false},"excerpt":{"rendered":"<p>Petek tavan sistemi, tavan \u00fcst\u00fc tesisata kesintisiz ve dekoratif bir maske olu\u015fturman\u0131n yan\u0131s\u0131ra, gerekti\u011finde kolayl\u0131kla eri\u015fim imkan\u0131 sa\u011flama \u00f6zellikleri sayesinde, asma tavan \u00e7\u00f6z\u00fcmleri aras\u0131nda hem fonksiyonel hem de \u015f\u0131k bir alternatif olu\u015fturmaktad\u0131r. Sistem, petek g\u00f6r\u00fcnt\u00fcs\u00fc olu\u015fturacak bi\u00e7imde i\u00e7i\u00e7e ge\u00e7irilmi\u015f, 10 mm geni\u015fli\u011finde ve 40 mm y\u00fcksekli\u011finde, U bi\u00e7imli aluminyum profillerden olu\u015fmaktad\u0131r. Gerek ta\u015f\u0131y\u0131c\u0131 sistemin (ana&#8230;<\/p>\n","protected":false},"author":1,"featured_media":0,"parent":12460,"menu_order":0,"comment_status":"closed","ping_status":"closed","template":"","meta":{"footnotes":""},"class_list":["post-12465","page","type-page","status-publish","hentry"],"_links":{"self":[{"href":"https:\/\/www.er-olins.com.tr\/index.php\/wp-json\/wp\/v2\/pages\/12465","targetHints":{"allow":["GET"]}}],"collection":[{"href":"https:\/\/www.er-olins.com.tr\/index.php\/wp-json\/wp\/v2\/pages"}],"about":[{"href":"https:\/\/www.er-olins.com.tr\/index.php\/wp-json\/wp\/v2\/types\/page"}],"author":[{"embeddable":true,"href":"https:\/\/www.er-olins.com.tr\/index.php\/wp-json\/wp\/v2\/users\/1"}],"replies":[{"embeddable":true,"href":"https:\/\/www.er-olins.com.tr\/index.php\/wp-json\/wp\/v2\/comments?post=12465"}],"version-history":[{"count":0,"href":"https:\/\/www.er-olins.com.tr\/index.php\/wp-json\/wp\/v2\/pages\/12465\/revisions"}],"up":[{"embeddable":true,"href":"https:\/\/www.er-olins.com.tr\/index.php\/wp-json\/wp\/v2\/pages\/12460"}],"wp:attachment":[{"href":"https:\/\/www.er-olins.com.tr\/index.php\/wp-json\/wp\/v2\/media?parent=12465"}],"curies":[{"name":"wp","href":"https:\/\/api.w.org\/{rel}","templated":true}]}}