{"id":12462,"date":"2021-06-26T14:46:16","date_gmt":"2021-06-26T11:46:16","guid":{"rendered":"https:\/\/alfadestek.com\/er-olinsaat\/?page_id=12462"},"modified":"2021-06-26T14:46:16","modified_gmt":"2021-06-26T11:46:16","slug":"alcipan-asma-tavan","status":"publish","type":"page","link":"https:\/\/www.er-olins.com.tr\/index.php\/urunlerimiz\/asma-tavan-sistemleri\/alcipan-asma-tavan\/","title":{"rendered":"Al\u00e7\u0131pan Asma Tavan"},"content":{"rendered":"\t\t<div data-elementor-type=\"wp-page\" data-elementor-id=\"12462\" class=\"elementor elementor-12462\">\n\t\t\t\t\t\t\t\t\t<section class=\"elementor-section elementor-top-section elementor-element elementor-element-67c89288 elementor-section-full_width elementor-section-content-middle elementor-section-height-default elementor-section-height-default\" data-id=\"67c89288\" data-element_type=\"section\">\n\t\t\t\t\t\t<div class=\"elementor-container elementor-column-gap-wide\">\n\t\t\t\t\t<div class=\"elementor-column elementor-col-100 elementor-top-column elementor-element elementor-element-489d69b4\" data-id=\"489d69b4\" data-element_type=\"column\">\n\t\t\t<div class=\"elementor-widget-wrap elementor-element-populated\">\n\t\t\t\t\t\t\t\t<div class=\"elementor-element elementor-element-f2790c2 elementor-widget elementor-widget-text-editor\" data-id=\"f2790c2\" data-element_type=\"widget\" data-widget_type=\"text-editor.default\">\n\t\t\t\t<div class=\"elementor-widget-container\">\n\t\t\t<style>\/*! elementor - v3.16.0 - 20-09-2023 *\/\n.elementor-widget-text-editor.elementor-drop-cap-view-stacked .elementor-drop-cap{background-color:#69727d;color:#fff}.elementor-widget-text-editor.elementor-drop-cap-view-framed .elementor-drop-cap{color:#69727d;border:3px solid;background-color:transparent}.elementor-widget-text-editor:not(.elementor-drop-cap-view-default) .elementor-drop-cap{margin-top:8px}.elementor-widget-text-editor:not(.elementor-drop-cap-view-default) .elementor-drop-cap-letter{width:1em;height:1em}.elementor-widget-text-editor .elementor-drop-cap{float:left;text-align:center;line-height:1;font-size:50px}.elementor-widget-text-editor .elementor-drop-cap-letter{display:inline-block}<\/style>\t\t\t\t<p id=\"u6429-16\" style=\"text-align: justify;\">Ana ta\u015f\u0131y\u0131c\u0131 ve tali ta\u015f\u0131y\u0131c\u0131lardan olu\u015fturulan ask\u0131 sistemine vidalanan al\u00e7\u0131 plakalar asma tavan ile olu\u015fturulur.<\/p><p id=\"u6429-19\" style=\"text-align: justify;\">Her t\u00fcrl\u00fc i\u00e7 mekan tavan uygulamalar\u0131nda kullan\u0131labilir. Tesisatlar\u0131 gizleyerek ferah alanlar yarat\u0131r.Hafif oldu\u011fundan dolay\u0131 binan\u0131n ta\u015f\u0131y\u0131c\u0131 sistemine etkisi \u00e7ok azd\u0131r.S\u0131cakl\u0131k farklar\u0131ndan etkilenmeyen bir sistemdir.Kolay i\u015flenebilen ve \u015fekil alabilen bir malzeme oldu\u011fundan her t\u00fcrl\u00fc dekoratif imalatlar yap\u0131labilir.<\/p>\t\t\t\t\t\t<\/div>\n\t\t\t\t<\/div>\n\t\t\t\t\t<\/div>\n\t\t<\/div>\n\t\t\t\t\t\t\t<\/div>\n\t\t<\/section>\n\t\t\t\t\t\t\t<\/div>\n\t\t","protected":false},"excerpt":{"rendered":"<p>Ana ta\u015f\u0131y\u0131c\u0131 ve tali ta\u015f\u0131y\u0131c\u0131lardan olu\u015fturulan ask\u0131 sistemine vidalanan al\u00e7\u0131 plakalar asma tavan ile olu\u015fturulur. Her t\u00fcrl\u00fc i\u00e7 mekan tavan uygulamalar\u0131nda kullan\u0131labilir. Tesisatlar\u0131 gizleyerek ferah alanlar yarat\u0131r.Hafif oldu\u011fundan dolay\u0131 binan\u0131n ta\u015f\u0131y\u0131c\u0131 sistemine etkisi \u00e7ok azd\u0131r.S\u0131cakl\u0131k farklar\u0131ndan etkilenmeyen bir sistemdir.Kolay i\u015flenebilen ve \u015fekil alabilen bir malzeme oldu\u011fundan her t\u00fcrl\u00fc dekoratif imalatlar yap\u0131labilir.<\/p>\n","protected":false},"author":1,"featured_media":0,"parent":12460,"menu_order":0,"comment_status":"closed","ping_status":"closed","template":"","meta":{"footnotes":""},"class_list":["post-12462","page","type-page","status-publish","hentry"],"_links":{"self":[{"href":"https:\/\/www.er-olins.com.tr\/index.php\/wp-json\/wp\/v2\/pages\/12462","targetHints":{"allow":["GET"]}}],"collection":[{"href":"https:\/\/www.er-olins.com.tr\/index.php\/wp-json\/wp\/v2\/pages"}],"about":[{"href":"https:\/\/www.er-olins.com.tr\/index.php\/wp-json\/wp\/v2\/types\/page"}],"author":[{"embeddable":true,"href":"https:\/\/www.er-olins.com.tr\/index.php\/wp-json\/wp\/v2\/users\/1"}],"replies":[{"embeddable":true,"href":"https:\/\/www.er-olins.com.tr\/index.php\/wp-json\/wp\/v2\/comments?post=12462"}],"version-history":[{"count":0,"href":"https:\/\/www.er-olins.com.tr\/index.php\/wp-json\/wp\/v2\/pages\/12462\/revisions"}],"up":[{"embeddable":true,"href":"https:\/\/www.er-olins.com.tr\/index.php\/wp-json\/wp\/v2\/pages\/12460"}],"wp:attachment":[{"href":"https:\/\/www.er-olins.com.tr\/index.php\/wp-json\/wp\/v2\/media?parent=12462"}],"curies":[{"name":"wp","href":"https:\/\/api.w.org\/{rel}","templated":true}]}}