{"id":12459,"date":"2021-06-26T14:46:07","date_gmt":"2021-06-26T11:46:07","guid":{"rendered":"https:\/\/alfadestek.com\/er-olinsaat\/?page_id=12459"},"modified":"2021-06-26T14:46:07","modified_gmt":"2021-06-26T11:46:07","slug":"urunlerimiz","status":"publish","type":"page","link":"https:\/\/www.er-olins.com.tr\/index.php\/urunlerimiz\/","title":{"rendered":"\u00dcR\u00dcNLER\u0130M\u0130Z"},"content":{"rendered":"\t\t<div data-elementor-type=\"wp-page\" data-elementor-id=\"12459\" class=\"elementor elementor-12459\">\n\t\t\t\t\t\t\t\t\t<section class=\"elementor-section elementor-top-section elementor-element elementor-element-67c89288 elementor-section-full_width elementor-section-content-middle elementor-section-height-default elementor-section-height-default\" data-id=\"67c89288\" data-element_type=\"section\">\n\t\t\t\t\t\t<div class=\"elementor-container elementor-column-gap-wide\">\n\t\t\t\t\t<div class=\"elementor-column elementor-col-50 elementor-top-column elementor-element elementor-element-489d69b4\" data-id=\"489d69b4\" data-element_type=\"column\">\n\t\t\t<div class=\"elementor-widget-wrap elementor-element-populated\">\n\t\t\t\t\t\t\t\t<div class=\"elementor-element elementor-element-30853948 elementor-widget elementor-widget-rs-heading\" data-id=\"30853948\" data-element_type=\"widget\" data-widget_type=\"rs-heading.default\">\n\t\t\t\t<div class=\"elementor-widget-container\">\n\t\t\t        <div class=\"rs-heading default  \">\r\n        \t<div class=\"title-inner\">\r\n        \t\t      \t\t\r\n\t            <span class=\"sub-text \">KURUMSAL<\/span><h3 class=\"title\"><span class=\"watermark\"><\/span>1985 y\u0131l\u0131ndan g\u00fcn\u00fcm\u00fcze...\n<\/h3>\t        <\/div>\r\n\t                    \t<div class=\"description\">\r\n            \t\t<p style=\"text-align: justify\">Aam\u0131z ortaklar\u0131n proje, in\u015faat ve dekorasyon tecr\u00fcbelerinin de\u011ferlendirilmesi amac\u0131yla 1985 y\u0131l\u0131nda kurulmu\u015ftur.<\/p><p style=\"text-align: justify\">1989 y\u0131l\u0131nda kurulan Tepe-Knauf Al\u00e7\u0131pan Fabrikas\u0131na kurulu\u015funda bayi olup Al\u00e7\u0131pan ile ilgili her t\u00fcrl\u00fc Asma Tavan , B\u00f6lme Duvar , Giydirme Duvarlar ile Her t\u00fcrl\u00fc Ta\u015f Y\u00fcn\u00fc Tavan, Metal Asma Tavan , Akustik Asma Tavan i\u015fleri konusunda uzman geni\u015f bir kadro ile faaliyet halindeyiz.<\/p><p style=\"text-align: justify\">Bayilik a\u011f\u0131m\u0131za Filli Boya,Pima\u015f ve AKG Gazbeton grubunun eklenmesiyle faaliyet alan\u0131m\u0131za her t\u00fcrl\u00fc Boya - Mantolama Sistemlerii , Gazbeton Duvar Sistemleri ve Kompozit Ah\u015fap D\u00f6\u015feme (Pimawood) Sistemlerini eklemi\u015f bulunmaktay\u0131z.<\/p>            \t\t\r\n            \t<\/div>\r\n        \t        <\/div>\r\n\r\n        \t\t<\/div>\n\t\t\t\t<\/div>\n\t\t\t\t\t<\/div>\n\t\t<\/div>\n\t\t\t\t<div class=\"elementor-column elementor-col-50 elementor-top-column elementor-element elementor-element-35aaea12 animated-slow elementor-invisible\" data-id=\"35aaea12\" data-element_type=\"column\" data-settings=\"{&quot;animation&quot;:&quot;fadeInUp&quot;,&quot;animation_delay&quot;:500}\">\n\t\t\t<div class=\"elementor-widget-wrap elementor-element-populated\">\n\t\t\t\t\t\t\t\t<div class=\"elementor-element elementor-element-2a1cdc05 elementor-invisible elementor-widget elementor-widget-image\" data-id=\"2a1cdc05\" data-element_type=\"widget\" data-settings=\"{&quot;_animation&quot;:&quot;slideInRight&quot;,&quot;_animation_delay&quot;:600}\" data-widget_type=\"image.default\">\n\t\t\t\t<div class=\"elementor-widget-container\">\n\t\t\t<style>\/*! elementor - v3.16.0 - 20-09-2023 *\/\n.elementor-widget-image{text-align:center}.elementor-widget-image a{display:inline-block}.elementor-widget-image a img[src$=\".svg\"]{width:48px}.elementor-widget-image img{vertical-align:middle;display:inline-block}<\/style>\t\t\t\t\t\t\t\t\t\t\t\t<img loading=\"lazy\" decoding=\"async\" width=\"566\" height=\"571\" src=\"https:\/\/www.er-olins.com.tr\/wp-content\/uploads\/2021\/02\/r34.png\" class=\"attachment-large size-large wp-image-12317\" alt=\"\" srcset=\"https:\/\/www.er-olins.com.tr\/wp-content\/uploads\/2021\/02\/r34.png 566w, https:\/\/www.er-olins.com.tr\/wp-content\/uploads\/2021\/02\/r34-297x300.png 297w, https:\/\/www.er-olins.com.tr\/wp-content\/uploads\/2021\/02\/r34-150x150.png 150w, https:\/\/www.er-olins.com.tr\/wp-content\/uploads\/2021\/02\/r34-100x100.png 100w\" sizes=\"auto, (max-width: 566px) 100vw, 566px\" \/>\t\t\t\t\t\t\t\t\t\t\t\t\t\t\t<\/div>\n\t\t\t\t<\/div>\n\t\t\t\t\t<\/div>\n\t\t<\/div>\n\t\t\t\t\t\t\t<\/div>\n\t\t<\/section>\n\t\t\t\t<section class=\"elementor-section elementor-top-section elementor-element elementor-element-5a19ff7 elementor-section-full_width elementor-section-stretched elementor-section-height-default elementor-section-height-default\" data-id=\"5a19ff7\" data-element_type=\"section\" data-settings=\"{&quot;stretch_section&quot;:&quot;section-stretched&quot;,&quot;background_background&quot;:&quot;classic&quot;}\">\n\t\t\t\t\t\t<div class=\"elementor-container elementor-column-gap-default\">\n\t\t\t\t\t<div class=\"elementor-column elementor-col-100 elementor-top-column elementor-element elementor-element-3c95bb8\" data-id=\"3c95bb8\" data-element_type=\"column\">\n\t\t\t<div class=\"elementor-widget-wrap elementor-element-populated\">\n\t\t\t\t\t\t\t\t<section class=\"elementor-section elementor-inner-section elementor-element elementor-element-5369fee elementor-section-boxed elementor-section-height-default elementor-section-height-default\" data-id=\"5369fee\" data-element_type=\"section\">\n\t\t\t\t\t\t<div class=\"elementor-container elementor-column-gap-default\">\n\t\t\t\t\t<div class=\"elementor-column elementor-col-100 elementor-inner-column elementor-element elementor-element-9f9a72c\" data-id=\"9f9a72c\" data-element_type=\"column\">\n\t\t\t<div class=\"elementor-widget-wrap elementor-element-populated\">\n\t\t\t\t\t\t\t\t<div class=\"elementor-element elementor-element-127bc66 elementor-widget elementor-widget-rs-heading\" data-id=\"127bc66\" data-element_type=\"widget\" data-widget_type=\"rs-heading.default\">\n\t\t\t\t<div class=\"elementor-widget-container\">\n\t\t\t        <div class=\"rs-heading default  \">\r\n        \t<div class=\"title-inner\">\r\n        \t\t      \t\t\r\n\t            \t        <\/div>\r\n\t                    \t<div class=\"description\">\r\n            \t\t<p id=\"u5400-12\" style=\"text-align: justify\"><strong>Vizyonumuz<\/strong><br \/>Kaliteden asla \u00f6d\u00fcn vermeden, \u00e7a\u011fda\u015f, optimum maliyetli \u00e7\u00f6z\u00fcmlerle projeleri, i\u015fi taahh\u00fct edilen zamanda, kurallar\u0131na g\u00f6re eksiksiz olarak teslim etmek.\u00a0 \u00c7a\u011fda\u015f ve uzman personelimizle hizmet verdi\u011fimiz sekt\u00f6rde amac\u0131m\u0131z, her zaman \"aranan ve tavsiye edilen\" olabilmektir.<\/p><p id=\"u5400-20\" style=\"text-align: justify\"><strong><span id=\"u5400-19\">Misyonumuz<br \/><\/span><\/strong>G\u00fcvenilir ve dinamik hizmet anlay\u0131\u015f\u0131m\u0131z ile faaliyet g\u00f6sterdi\u011fimiz sekt\u00f6rde fark yaratarak zorlu ve de\u011fi\u015fken piyasa ko\u015fullar\u0131nda dahi kaliteli ve yenilik\u00e7i giri\u015fimlerimizle \u00e7al\u0131\u015fanlar\u0131m\u0131za ve topluma de\u011fer katmakt\u0131r.<\/p><p id=\"u5401-12\" style=\"text-align: justify\"><strong>Kalite Politikam\u0131z<br \/><\/strong>Toplumsal sorumluluklar\u0131n bilincinde ve ya\u015fam alanlar\u0131 in\u015fa ederken \u00e7evreye duyarl\u0131 bir \u015firket olarak; M\u00fchendisli\u011fe, Mimariye, ilgili standartlara, teknik \u015fartnamelere, idari ve mevzuat \u015fartlar\u0131na, in\u015fa tekniklerine ve sanat\u0131na, deprem y\u00f6netmeli\u011fine uymak.<\/p><p id=\"u5401-19\" style=\"text-align: justify\">Teknolojiyi yak\u0131ndan takip ederek \u00fcr\u00fcn ve \u00fcretimde kullanmak. M\u00fc\u015fteri memnuniyetini s\u00fcrekli k\u0131lmak i\u00e7in m\u00fc\u015fterilerin ihtiya\u00e7 ve beklentilerini dikkate almak. Taahh\u00fctleri s\u00f6z verilen s\u00fcrede ger\u00e7ekle\u015ftirmek. Her seviyede e\u011fitimli insan kalitesine verdi\u011fi \u00f6nemle \u00e7al\u0131\u015fanlar\u0131na gerekli e\u011fitim programlar\u0131n\u0131 haz\u0131rlamak ve uygulamakt\u0131r.<\/p>            \t\t\r\n            \t<\/div>\r\n        \t        <\/div>\r\n\r\n        \t\t<\/div>\n\t\t\t\t<\/div>\n\t\t\t\t\t<\/div>\n\t\t<\/div>\n\t\t\t\t\t\t\t<\/div>\n\t\t<\/section>\n\t\t\t\t\t<\/div>\n\t\t<\/div>\n\t\t\t\t\t\t\t<\/div>\n\t\t<\/section>\n\t\t\t\t\t\t\t<\/div>\n\t\t","protected":false},"excerpt":{"rendered":"<p>KURUMSAL 1985 y\u0131l\u0131ndan g\u00fcn\u00fcm\u00fcze&#8230; Aam\u0131z ortaklar\u0131n proje, in\u015faat ve dekorasyon tecr\u00fcbelerinin de\u011ferlendirilmesi amac\u0131yla 1985 y\u0131l\u0131nda kurulmu\u015ftur. 1989 y\u0131l\u0131nda kurulan Tepe-Knauf Al\u00e7\u0131pan Fabrikas\u0131na kurulu\u015funda bayi olup Al\u00e7\u0131pan ile ilgili her t\u00fcrl\u00fc Asma Tavan , B\u00f6lme Duvar , Giydirme Duvarlar ile Her t\u00fcrl\u00fc Ta\u015f Y\u00fcn\u00fc Tavan, Metal Asma Tavan , Akustik Asma Tavan i\u015fleri konusunda uzman geni\u015f&#8230;<\/p>\n","protected":false},"author":1,"featured_media":0,"parent":0,"menu_order":0,"comment_status":"closed","ping_status":"closed","template":"","meta":{"footnotes":""},"class_list":["post-12459","page","type-page","status-publish","hentry"],"_links":{"self":[{"href":"https:\/\/www.er-olins.com.tr\/index.php\/wp-json\/wp\/v2\/pages\/12459","targetHints":{"allow":["GET"]}}],"collection":[{"href":"https:\/\/www.er-olins.com.tr\/index.php\/wp-json\/wp\/v2\/pages"}],"about":[{"href":"https:\/\/www.er-olins.com.tr\/index.php\/wp-json\/wp\/v2\/types\/page"}],"author":[{"embeddable":true,"href":"https:\/\/www.er-olins.com.tr\/index.php\/wp-json\/wp\/v2\/users\/1"}],"replies":[{"embeddable":true,"href":"https:\/\/www.er-olins.com.tr\/index.php\/wp-json\/wp\/v2\/comments?post=12459"}],"version-history":[{"count":0,"href":"https:\/\/www.er-olins.com.tr\/index.php\/wp-json\/wp\/v2\/pages\/12459\/revisions"}],"wp:attachment":[{"href":"https:\/\/www.er-olins.com.tr\/index.php\/wp-json\/wp\/v2\/media?parent=12459"}],"curies":[{"name":"wp","href":"https:\/\/api.w.org\/{rel}","templated":true}]}}