{"id":11112,"date":"2020-11-15T11:59:23","date_gmt":"2020-11-15T11:59:23","guid":{"rendered":"https:\/\/keenitsolutions.com\/products\/wordpress\/reobiz\/?page_id=11112"},"modified":"2020-11-15T11:59:23","modified_gmt":"2020-11-15T11:59:23","slug":"contact-4","status":"publish","type":"page","link":"https:\/\/www.er-olins.com.tr\/index.php\/contact-4\/","title":{"rendered":"B\u0130ZE ULA\u015eIN"},"content":{"rendered":"\t\t<div data-elementor-type=\"wp-page\" data-elementor-id=\"11112\" class=\"elementor elementor-11112\">\n\t\t\t\t\t\t\t\t\t<section class=\"elementor-section elementor-top-section elementor-element elementor-element-f3acfee elementor-section-stretched elementor-section-full_width elementor-section-content-top elementor-section-height-default elementor-section-height-default\" data-id=\"f3acfee\" data-element_type=\"section\" data-settings=\"{&quot;stretch_section&quot;:&quot;section-stretched&quot;,&quot;background_background&quot;:&quot;classic&quot;,&quot;shape_divider_top&quot;:&quot;waves&quot;,&quot;shape_divider_bottom&quot;:&quot;waves&quot;,&quot;shape_divider_bottom_negative&quot;:&quot;yes&quot;}\">\n\t\t\t\t\t<div class=\"elementor-shape elementor-shape-top\" data-negative=\"false\">\n\t\t\t<svg xmlns=\"http:\/\/www.w3.org\/2000\/svg\" viewBox=\"0 0 1000 100\" preserveAspectRatio=\"none\">\n\t<path class=\"elementor-shape-fill\" d=\"M421.9,6.5c22.6-2.5,51.5,0.4,75.5,5.3c23.6,4.9,70.9,23.5,100.5,35.7c75.8,32.2,133.7,44.5,192.6,49.7\n\tc23.6,2.1,48.7,3.5,103.4-2.5c54.7-6,106.2-25.6,106.2-25.6V0H0v30.3c0,0,72,32.6,158.4,30.5c39.2-0.7,92.8-6.7,134-22.4\n\tc21.2-8.1,52.2-18.2,79.7-24.2C399.3,7.9,411.6,7.5,421.9,6.5z\"\/>\n<\/svg>\t\t<\/div>\n\t\t\t\t<div class=\"elementor-shape elementor-shape-bottom\" data-negative=\"true\">\n\t\t\t<svg xmlns=\"http:\/\/www.w3.org\/2000\/svg\" viewBox=\"0 0 1000 100\" preserveAspectRatio=\"none\">\n\t<path class=\"elementor-shape-fill\" d=\"M790.5,93.1c-59.3-5.3-116.8-18-192.6-50c-29.6-12.7-76.9-31-100.5-35.9c-23.6-4.9-52.6-7.8-75.5-5.3\n\tc-10.2,1.1-22.6,1.4-50.1,7.4c-27.2,6.3-58.2,16.6-79.4,24.7c-41.3,15.9-94.9,21.9-134,22.6C72,58.2,0,25.8,0,25.8V100h1000V65.3\n\tc0,0-51.5,19.4-106.2,25.7C839.5,97,814.1,95.2,790.5,93.1z\"\/>\n<\/svg>\t\t<\/div>\n\t\t\t\t\t<div class=\"elementor-container elementor-column-gap-default\">\n\t\t\t\t\t<div class=\"elementor-column elementor-col-100 elementor-top-column elementor-element elementor-element-2ee934c\" data-id=\"2ee934c\" data-element_type=\"column\" data-settings=\"{&quot;background_background&quot;:&quot;classic&quot;}\">\n\t\t\t<div class=\"elementor-widget-wrap elementor-element-populated\">\n\t\t\t\t\t<div class=\"elementor-background-overlay\"><\/div>\n\t\t\t\t\t\t\t\t<section class=\"elementor-section elementor-inner-section elementor-element elementor-element-a75524f elementor-section-boxed elementor-section-height-default elementor-section-height-default\" data-id=\"a75524f\" data-element_type=\"section\">\n\t\t\t\t\t\t<div class=\"elementor-container elementor-column-gap-default\">\n\t\t\t\t\t<div class=\"elementor-column elementor-col-50 elementor-inner-column elementor-element elementor-element-25de2e2\" data-id=\"25de2e2\" data-element_type=\"column\">\n\t\t\t<div class=\"elementor-widget-wrap elementor-element-populated\">\n\t\t\t\t\t\t\t\t<div class=\"elementor-element elementor-element-fbe1f27 elementor-widget elementor-widget-rs-heading\" data-id=\"fbe1f27\" data-element_type=\"widget\" data-widget_type=\"rs-heading.default\">\n\t\t\t\t<div class=\"elementor-widget-container\">\n\t\t\t        <div class=\"rs-heading default left \">\r\n        \t<div class=\"title-inner\">\r\n        \t\t      \t\t\r\n\t            <span class=\"sub-text \">B\u0130ZE ULA\u015eIN<\/span><h2 class=\"title\"><span class=\"watermark\"><\/span>ER-OL \u0130N\u015eAAT<\/h2>\t        <\/div>\r\n\t                    \t<div class=\"description\">\r\n            \t\t<p>1989 y\u0131l\u0131nda kurulan Tepe-Knauf Al\u00e7\u0131pan Fabrikas\u0131na kurulu\u015funda bayi olup Al\u00e7\u0131pan ile ilgili her t\u00fcrl\u00fc Asma Tavan , B\u00f6lme Duvar , Giydirme Duvarlar ile Her t\u00fcrl\u00fc Ta\u015f Y\u00fcn\u00fc Tavan, Metal Asma Tavan , Akustik Asma Tavan i\u015fleri konusunda uzman geni\u015f bir kadro ile faaliyet halindeyiz.<\/p>            \t\t\r\n            \t<\/div>\r\n        \t        <\/div>\r\n\r\n        \t\t<\/div>\n\t\t\t\t<\/div>\n\t\t\t\t<div class=\"elementor-element elementor-element-ea37c5b elementor-widget elementor-widget-rs-contact-box\" data-id=\"ea37c5b\" data-element_type=\"widget\" data-widget_type=\"rs-contact-box.default\">\n\t\t\t\t<div class=\"elementor-widget-container\">\n\t\t\t\t\t\r\n\r\n\t\t<!-- Style 1 Start -->\r\n\t\t<div class=\"rs-contact-box\">\r\n\r\n\t\t\t\t\t\t<div class=\"address-item horizontal boxstyle2\">\r\n\r\n\t\t\t\t\t\t\t            <div class=\"address-icon\">\r\n\t\t            \t\t\t            \t\t<img decoding=\"async\" src=\"https:\/\/keenitsolutions.com\/products\/wordpress\/reobiz\/wp-content\/uploads\/2020\/11\/pin.png\" \/>\r\n\t\t            \t\t\t            <\/div>\r\n\t\t            \r\n\t\t            <div class=\"address-text\">\r\n\t\t            \t\t\t            \t<div class=\"text\">\r\n\t\t            \t\t\t\t            \t\t <span class=\"label\">Adres:<\/span>\r\n\t\t            \t\t\t\t            \t\t\t\t            \t\t<span class=\"des\">\r\n\t\t\t\t                And Sokak 11\/2 \u00c7ankaya, ANKARA\t\t\t\t            <\/span>\r\n\t\t\t\t            \t\t\t            <\/div>\r\n\t\t\t       \t\t\r\n\r\n\t\t            \t\r\n\r\n\t\t            \t\t\t            <\/div>\r\n\t\t        <\/div>\r\n\t\t\t\t\t\t\t<div class=\"address-item horizontal boxstyle2\">\r\n\r\n\t\t\t\t\t\t\t            <div class=\"address-icon\">\r\n\t\t            \t\t\t            \t\t<img decoding=\"async\" src=\"https:\/\/keenitsolutions.com\/products\/wordpress\/reobiz\/wp-content\/uploads\/2020\/11\/phone-call-1.png\" \/>\r\n\t\t            \t\t\t            <\/div>\r\n\t\t            \r\n\t\t            <div class=\"address-text\">\r\n\t\t            \t\t\t            \t<div class=\"text\">\r\n\t\t            \t\t\t\t            \t\t <span class=\"label\">Telefon:<\/span>\r\n\t\t            \t\t\t\t            \t\t\t\t            \t\t<span class=\"des\">\r\n\t\t\t\t                0 312 427 48 64\t\t\t\t            <\/span>\r\n\t\t\t\t            \t\t\t            <\/div>\r\n\t\t\t       \t\t\r\n\r\n\t\t            \t\r\n\r\n\t\t            \t\t\t            <\/div>\r\n\t\t        <\/div>\r\n\t\t\t\t\t\t\t<div class=\"address-item horizontal boxstyle2\">\r\n\r\n\t\t\t\t\t\t\t            <div class=\"address-icon\">\r\n\t\t            \t\t\t            \t\t<img decoding=\"async\" src=\"https:\/\/keenitsolutions.com\/products\/wordpress\/reobiz\/wp-content\/uploads\/2020\/11\/email.png\" \/>\r\n\t\t            \t\t\t            <\/div>\r\n\t\t            \r\n\t\t            <div class=\"address-text\">\r\n\t\t            \t\t\t            \t<div class=\"text\">\r\n\t\t            \t\t\t\t            \t\t <span class=\"label\">E-mail:<\/span>\r\n\t\t            \t\t\t\t            \t\t\t\t            \t\t<span class=\"des\">\r\n\t\t\t\t                er-ol@er-olins.com.tr\t\t\t\t            <\/span>\r\n\t\t\t\t            \t\t\t            <\/div>\r\n\t\t\t       \t\t\r\n\r\n\t\t            \t\r\n\r\n\t\t            \t\t\t            <\/div>\r\n\t\t        <\/div>\r\n\t\t\t\t\t<\/div>\r\n\r\n\t<!-- Style 1 End -->\t\r\n\t\t\r\n\t\t\t<\/div>\n\t\t\t\t<\/div>\n\t\t\t\t\t<\/div>\n\t\t<\/div>\n\t\t\t\t<div class=\"elementor-column elementor-col-50 elementor-inner-column elementor-element elementor-element-4c45319\" data-id=\"4c45319\" data-element_type=\"column\">\n\t\t\t<div class=\"elementor-widget-wrap elementor-element-populated\">\n\t\t\t\t\t\t\t\t<div class=\"elementor-element elementor-element-9d9c357 elementor-widget elementor-widget-rs-heading\" data-id=\"9d9c357\" data-element_type=\"widget\" data-widget_type=\"rs-heading.default\">\n\t\t\t\t<div class=\"elementor-widget-container\">\n\t\t\t        <div class=\"rs-heading default left \">\r\n        \t<div class=\"title-inner\">\r\n        \t\t      \t\t\r\n\t            <h2 class=\"title\"><span class=\"watermark\"><\/span>Bize Yaz\u0131n<\/h2>\t        <\/div>\r\n\t                <\/div>\r\n\r\n        \t\t<\/div>\n\t\t\t\t<\/div>\n\t\t\t\t\t<\/div>\n\t\t<\/div>\n\t\t\t\t\t\t\t<\/div>\n\t\t<\/section>\n\t\t\t\t<section class=\"elementor-section elementor-inner-section elementor-element elementor-element-75aaf8f elementor-section-full_width elementor-section-height-default elementor-section-height-default\" data-id=\"75aaf8f\" data-element_type=\"section\">\n\t\t\t\t\t\t<div class=\"elementor-container elementor-column-gap-default\">\n\t\t\t\t\t<div class=\"elementor-column elementor-col-100 elementor-inner-column elementor-element elementor-element-0c44b8b\" data-id=\"0c44b8b\" data-element_type=\"column\">\n\t\t\t<div class=\"elementor-widget-wrap elementor-element-populated\">\n\t\t\t\t\t\t\t\t<div class=\"elementor-element elementor-element-12d2654 elementor-widget elementor-widget-text-editor\" data-id=\"12d2654\" data-element_type=\"widget\" data-widget_type=\"text-editor.default\">\n\t\t\t\t<div class=\"elementor-widget-container\">\n\t\t\t<style>\/*! elementor - v3.16.0 - 20-09-2023 *\/\n.elementor-widget-text-editor.elementor-drop-cap-view-stacked .elementor-drop-cap{background-color:#69727d;color:#fff}.elementor-widget-text-editor.elementor-drop-cap-view-framed .elementor-drop-cap{color:#69727d;border:3px solid;background-color:transparent}.elementor-widget-text-editor:not(.elementor-drop-cap-view-default) .elementor-drop-cap{margin-top:8px}.elementor-widget-text-editor:not(.elementor-drop-cap-view-default) .elementor-drop-cap-letter{width:1em;height:1em}.elementor-widget-text-editor .elementor-drop-cap{float:left;text-align:center;line-height:1;font-size:50px}.elementor-widget-text-editor .elementor-drop-cap-letter{display:inline-block}<\/style>\t\t\t\t<iframe src=\"https:\/\/www.google.com\/maps\/embed?pb=!1m14!1m8!1m3!1d6122.358934456287!2d32.859176!3d39.892614!3m2!1i1024!2i768!4f13.1!3m3!1m2!1s0x0%3A0x4ddfc6114a8b3168!2sEr-ol%20%C4%B0n%C5%9Faat%20Taah.%20Tic.%20Tur.%20Ltd.%20%C5%9Eti.!5e0!3m2!1str!2str!4v1624707751477!5m2!1str!2str\" width=\"100%\" height=\"450\" style=\"border:0;\" allowfullscreen=\"\" loading=\"lazy\"><\/iframe>\t\t\t\t\t\t<\/div>\n\t\t\t\t<\/div>\n\t\t\t\t\t<\/div>\n\t\t<\/div>\n\t\t\t\t\t\t\t<\/div>\n\t\t<\/section>\n\t\t\t\t\t<\/div>\n\t\t<\/div>\n\t\t\t\t\t\t\t<\/div>\n\t\t<\/section>\n\t\t\t\t\t\t\t<\/div>\n\t\t","protected":false},"excerpt":{"rendered":"<p>B\u0130ZE ULA\u015eIN ER-OL \u0130N\u015eAAT 1989 y\u0131l\u0131nda kurulan Tepe-Knauf Al\u00e7\u0131pan Fabrikas\u0131na kurulu\u015funda bayi olup Al\u00e7\u0131pan ile ilgili her t\u00fcrl\u00fc Asma Tavan , B\u00f6lme Duvar , Giydirme Duvarlar ile Her t\u00fcrl\u00fc Ta\u015f Y\u00fcn\u00fc Tavan, Metal Asma Tavan , Akustik Asma Tavan i\u015fleri konusunda uzman geni\u015f bir kadro ile faaliyet halindeyiz. Adres: And Sokak 11\/2 \u00c7ankaya, ANKARA Telefon:&#8230;<\/p>\n","protected":false},"author":1,"featured_media":0,"parent":0,"menu_order":0,"comment_status":"closed","ping_status":"closed","template":"","meta":{"footnotes":""},"class_list":["post-11112","page","type-page","status-publish","hentry"],"_links":{"self":[{"href":"https:\/\/www.er-olins.com.tr\/index.php\/wp-json\/wp\/v2\/pages\/11112","targetHints":{"allow":["GET"]}}],"collection":[{"href":"https:\/\/www.er-olins.com.tr\/index.php\/wp-json\/wp\/v2\/pages"}],"about":[{"href":"https:\/\/www.er-olins.com.tr\/index.php\/wp-json\/wp\/v2\/types\/page"}],"author":[{"embeddable":true,"href":"https:\/\/www.er-olins.com.tr\/index.php\/wp-json\/wp\/v2\/users\/1"}],"replies":[{"embeddable":true,"href":"https:\/\/www.er-olins.com.tr\/index.php\/wp-json\/wp\/v2\/comments?post=11112"}],"version-history":[{"count":0,"href":"https:\/\/www.er-olins.com.tr\/index.php\/wp-json\/wp\/v2\/pages\/11112\/revisions"}],"wp:attachment":[{"href":"https:\/\/www.er-olins.com.tr\/index.php\/wp-json\/wp\/v2\/media?parent=11112"}],"curies":[{"name":"wp","href":"https:\/\/api.w.org\/{rel}","templated":true}]}}